{"id":183,"date":"2020-08-02T13:33:00","date_gmt":"2020-08-02T11:33:00","guid":{"rendered":"http:\/\/localhost\/IHFI\/?page_id=183"},"modified":"2024-03-01T15:10:23","modified_gmt":"2024-03-01T14:10:23","slug":"183-2","status":"publish","type":"page","link":"https:\/\/www.ihfi-turgot.com\/?page_id=183","title":{"rendered":""},"content":{"rendered":"\t\t<div data-elementor-type=\"wp-page\" data-elementor-id=\"183\" class=\"elementor elementor-183\" data-elementor-post-type=\"page\">\n\t\t\t\t\t\t<section class=\"elementor-section elementor-top-section elementor-element elementor-element-26cb063 elementor-section-boxed elementor-section-height-default elementor-section-height-default\" data-id=\"26cb063\" data-element_type=\"section\" data-e-type=\"section\">\n\t\t\t\t\t\t<div class=\"elementor-container elementor-column-gap-default\">\n\t\t\t\t\t<div class=\"elementor-column elementor-col-100 elementor-top-column elementor-element elementor-element-96b81e5\" data-id=\"96b81e5\" data-element_type=\"column\" data-e-type=\"column\">\n\t\t\t<div class=\"elementor-widget-wrap elementor-element-populated\">\n\t\t\t\t\t\t<div class=\"elementor-element elementor-element-c277f0e elementor-widget elementor-widget-heading\" data-id=\"c277f0e\" data-element_type=\"widget\" data-e-type=\"widget\" data-widget_type=\"heading.default\">\n\t\t\t\t<div class=\"elementor-widget-container\">\n\t\t\t\t\t<h2 class=\"elementor-heading-title elementor-size-default\">PRESELECTION DU 37e PRIX TURGOT<\/h2>\t\t\t\t<\/div>\n\t\t\t\t<\/div>\n\t\t\t\t\t<\/div>\n\t\t<\/div>\n\t\t\t\t\t<\/div>\n\t\t<\/section>\n\t\t\t\t<section class=\"elementor-section elementor-top-section elementor-element elementor-element-a60c85c elementor-section-boxed elementor-section-height-default elementor-section-height-default\" data-id=\"a60c85c\" data-element_type=\"section\" data-e-type=\"section\">\n\t\t\t\t\t\t<div class=\"elementor-container elementor-column-gap-default\">\n\t\t\t\t\t<div class=\"elementor-column elementor-col-100 elementor-top-column elementor-element elementor-element-2896da7\" data-id=\"2896da7\" data-element_type=\"column\" data-e-type=\"column\">\n\t\t\t<div class=\"elementor-widget-wrap elementor-element-populated\">\n\t\t\t\t\t\t<div class=\"elementor-element elementor-element-8cef250 elementor-widget elementor-widget-spacer\" data-id=\"8cef250\" data-element_type=\"widget\" data-e-type=\"widget\" data-widget_type=\"spacer.default\">\n\t\t\t\t<div class=\"elementor-widget-container\">\n\t\t\t\t\t\t\t<div class=\"elementor-spacer\">\n\t\t\t<div class=\"elementor-spacer-inner\"><\/div>\n\t\t<\/div>\n\t\t\t\t\t\t<\/div>\n\t\t\t\t<\/div>\n\t\t\t\t\t<\/div>\n\t\t<\/div>\n\t\t\t\t\t<\/div>\n\t\t<\/section>\n\t\t\t\t<section class=\"elementor-section elementor-top-section elementor-element elementor-element-57473dc elementor-section-boxed elementor-section-height-default elementor-section-height-default\" data-id=\"57473dc\" data-element_type=\"section\" data-e-type=\"section\">\n\t\t\t\t\t\t<div class=\"elementor-container elementor-column-gap-default\">\n\t\t\t\t\t<div class=\"elementor-column elementor-col-100 elementor-top-column elementor-element elementor-element-3fdfd1e\" data-id=\"3fdfd1e\" data-element_type=\"column\" data-e-type=\"column\">\n\t\t\t<div class=\"elementor-widget-wrap elementor-element-populated\">\n\t\t\t\t\t\t<div class=\"elementor-element elementor-element-f781b7c elementor-widget elementor-widget-text-editor\" data-id=\"f781b7c\" data-element_type=\"widget\" data-e-type=\"widget\" data-widget_type=\"text-editor.default\">\n\t\t\t\t<div class=\"elementor-widget-container\">\n\t\t\t\t\t\t\t\t\t<h3><em>Grand Prix, prix du Jury, mentions d\u2019honneur<\/em><\/h3><p><strong>ANGELETTI Th., <\/strong><em>L\u2019invention de l\u2019\u00e9conomie fran\u00e7aise<\/em>, Presses de Sciences p\u00f4, 260 pages<\/p><p><strong>BOUGLE<\/strong> F, <em>Guerre de l\u2019\u00e9nergie<\/em>, Eds du Rocher, 290 pages<\/p><p><strong>DUVIEUSART B. et\u00a0 TAYART L., <\/strong><em>La philanthropie . Un regard Europ\u00e9en<\/em>, Eds Economica, 192 pages<\/p><p><strong>JARAVEL X., <\/strong><em>Marie Curie habite dans le Morbihan, d\u00e9mocratiser l\u2019innovation<\/em>, Eds Seuil, 128 pages<\/p><p><strong>QUINET A.<\/strong>, <em>\u00c9conomie de la Guerre<\/em>, Eds \u00a0Economica, 266 pages<\/p><p><em>\u00a0<\/em><\/p><h3><em>Prix sp\u00e9ciaux<\/em><\/h3><p><strong>Prix des ouvrages collectifs<\/strong>: <strong>TREBUCQ S., DEMERSSEMAN R<\/strong>. (col), <em>Le grand livre de la RSE<\/em>, Eds Dunod, 405 pages<\/p><p><strong>Prix du jeune auteur\u00a0: <\/strong><strong>JARAVEL X., <\/strong><em>Marie Curie habite dans le Morbihan, d\u00e9mocratiser l\u2019innovation<\/em>, Eds Seuil, 128 pages<\/p><p><strong>Prix du manuel \u00e9conomique et manag\u00e9rial: <\/strong><strong>QUIRY P, LEFUR Y., <\/strong><em>Finance d\u2019entreprise (Vernimmen), Dalloz, 22<sup>e<\/sup> \u00e9dition, 1197 pages<\/em><\/p><p><strong>Prix sp\u00e9cial francophone\u00a0:<\/strong><strong> MAILLOUX M., <\/strong><em>Robots financiers et IA, Eds Franel,<\/em> 200 pages<\/p><p><strong>Prix DFCG<\/strong>\u00a0: <strong>HUET J-M., PIGNEDE F.<\/strong> (col), <em>La valorisation des actifs<\/em>, Pearson France, 256 pages<\/p>\t\t\t\t\t\t\t\t<\/div>\n\t\t\t\t<\/div>\n\t\t\t\t\t<\/div>\n\t\t<\/div>\n\t\t\t\t\t<\/div>\n\t\t<\/section>\n\t\t\t\t<section class=\"elementor-section elementor-top-section elementor-element elementor-element-7c3fe40 elementor-section-boxed elementor-section-height-default elementor-section-height-default\" data-id=\"7c3fe40\" data-element_type=\"section\" data-e-type=\"section\">\n\t\t\t\t\t\t<div class=\"elementor-container elementor-column-gap-default\">\n\t\t\t\t\t<div class=\"elementor-column elementor-col-100 elementor-top-column elementor-element elementor-element-63756aa\" data-id=\"63756aa\" data-element_type=\"column\" data-e-type=\"column\">\n\t\t\t<div class=\"elementor-widget-wrap elementor-element-populated\">\n\t\t\t\t\t\t<div class=\"elementor-element elementor-element-ce2a27b elementor-widget elementor-widget-spacer\" data-id=\"ce2a27b\" data-element_type=\"widget\" data-e-type=\"widget\" data-widget_type=\"spacer.default\">\n\t\t\t\t<div class=\"elementor-widget-container\">\n\t\t\t\t\t\t\t<div class=\"elementor-spacer\">\n\t\t\t<div class=\"elementor-spacer-inner\"><\/div>\n\t\t<\/div>\n\t\t\t\t\t\t<\/div>\n\t\t\t\t<\/div>\n\t\t\t\t\t<\/div>\n\t\t<\/div>\n\t\t\t\t\t<\/div>\n\t\t<\/section>\n\t\t\t\t<section class=\"elementor-section elementor-top-section elementor-element elementor-element-f8ad9de elementor-section-boxed elementor-section-height-default elementor-section-height-default\" data-id=\"f8ad9de\" data-element_type=\"section\" data-e-type=\"section\">\n\t\t\t\t\t\t<div class=\"elementor-container elementor-column-gap-default\">\n\t\t\t\t\t<div class=\"elementor-column elementor-col-100 elementor-top-column elementor-element elementor-element-492e6e3\" data-id=\"492e6e3\" data-element_type=\"column\" data-e-type=\"column\">\n\t\t\t<div class=\"elementor-widget-wrap elementor-element-populated\">\n\t\t\t\t\t\t<div class=\"elementor-element elementor-element-4dfc297 elementor-widget elementor-widget-text-editor\" data-id=\"4dfc297\" data-element_type=\"widget\" data-e-type=\"widget\" data-widget_type=\"text-editor.default\">\n\t\t\t\t<div class=\"elementor-widget-container\">\n\t\t\t\t\t\t\t\t\t<h4><strong>Le comit\u00e9 de pr\u00e9s\u00e9lection du Prix Turgot (compos\u00e9 de 19 alumni de l\u2019IHFI) a lu 195 ouvrages d\u2019\u00e9conomie en langue fran\u00e7aise publi\u00e9s entre novembre 2022 et novembre 2023. Il a r\u00e9dig\u00e9\u00a0\u00a0 95 chroniques qui ont \u00e9t\u00e9 publi\u00e9es dans une dizaine de revues et sur 4 sites internet. Il s\u2019est efforc\u00e9 de couvrir les principales th\u00e9matiques soulev\u00e9es en 2023 et d\u2019honorer des auteurs aux profils diff\u00e9rents.<\/strong><\/h4>\t\t\t\t\t\t\t\t<\/div>\n\t\t\t\t<\/div>\n\t\t\t\t\t<\/div>\n\t\t<\/div>\n\t\t\t\t\t<\/div>\n\t\t<\/section>\n\t\t\t\t<section class=\"elementor-section elementor-top-section elementor-element elementor-element-67bdc39 elementor-section-boxed elementor-section-height-default elementor-section-height-default\" data-id=\"67bdc39\" data-element_type=\"section\" data-e-type=\"section\">\n\t\t\t\t\t\t<div class=\"elementor-container elementor-column-gap-default\">\n\t\t\t\t\t<div class=\"elementor-column elementor-col-100 elementor-top-column elementor-element elementor-element-855aee5\" data-id=\"855aee5\" data-element_type=\"column\" data-e-type=\"column\">\n\t\t\t<div class=\"elementor-widget-wrap elementor-element-populated\">\n\t\t\t\t\t\t<div class=\"elementor-element elementor-element-2de468b elementor-view-stacked elementor-shape-circle elementor-widget elementor-widget-icon\" data-id=\"2de468b\" data-element_type=\"widget\" data-e-type=\"widget\" data-widget_type=\"icon.default\">\n\t\t\t\t<div class=\"elementor-widget-container\">\n\t\t\t\t\t\t\t<div class=\"elementor-icon-wrapper\">\n\t\t\t<a class=\"elementor-icon\" href=\"http:\/\/www.ihfi-turgot.com\/wp-content\/uploads\/2024\/03\/PRIX-TURGOT-2023-choix.pdf\" target=\"_blank\">\n\t\t\t<i aria-hidden=\"true\" class=\"fas fa-file-pdf\"><\/i>\t\t\t<\/a>\n\t\t<\/div>\n\t\t\t\t\t\t<\/div>\n\t\t\t\t<\/div>\n\t\t\t\t\t<\/div>\n\t\t<\/div>\n\t\t\t\t\t<\/div>\n\t\t<\/section>\n\t\t\t\t<\/div>\n\t\t","protected":false},"excerpt":{"rendered":"<p>PRESELECTION DU 37e PRIX TURGOT Grand Prix, prix du Jury, mentions d\u2019honneur ANGELETTI Th., L\u2019invention de l\u2019\u00e9conomie fran\u00e7aise, Presses de<\/p>\n","protected":false},"author":1,"featured_media":0,"parent":0,"menu_order":0,"comment_status":"closed","ping_status":"closed","template":"","meta":{"colormag_page_container_layout":"default_layout","colormag_page_sidebar_layout":"default_layout","footnotes":""},"class_list":["post-183","page","type-page","status-publish","hentry"],"aioseo_notices":[],"_links":{"self":[{"href":"https:\/\/www.ihfi-turgot.com\/index.php?rest_route=\/wp\/v2\/pages\/183","targetHints":{"allow":["GET"]}}],"collection":[{"href":"https:\/\/www.ihfi-turgot.com\/index.php?rest_route=\/wp\/v2\/pages"}],"about":[{"href":"https:\/\/www.ihfi-turgot.com\/index.php?rest_route=\/wp\/v2\/types\/page"}],"author":[{"embeddable":true,"href":"https:\/\/www.ihfi-turgot.com\/index.php?rest_route=\/wp\/v2\/users\/1"}],"replies":[{"embeddable":true,"href":"https:\/\/www.ihfi-turgot.com\/index.php?rest_route=%2Fwp%2Fv2%2Fcomments&post=183"}],"version-history":[{"count":72,"href":"https:\/\/www.ihfi-turgot.com\/index.php?rest_route=\/wp\/v2\/pages\/183\/revisions"}],"predecessor-version":[{"id":1351,"href":"https:\/\/www.ihfi-turgot.com\/index.php?rest_route=\/wp\/v2\/pages\/183\/revisions\/1351"}],"wp:attachment":[{"href":"https:\/\/www.ihfi-turgot.com\/index.php?rest_route=%2Fwp%2Fv2%2Fmedia&parent=183"}],"curies":[{"name":"wp","href":"https:\/\/api.w.org\/{rel}","templated":true}]}}