{"id":16,"date":"2020-07-05T13:35:24","date_gmt":"2020-07-05T11:35:24","guid":{"rendered":"http:\/\/localhost\/IHFI\/?page_id=16"},"modified":"2026-03-29T18:06:27","modified_gmt":"2026-03-29T16:06:27","slug":"a-propos-de","status":"publish","type":"page","link":"https:\/\/www.ihfi-turgot.com\/","title":{"rendered":"IHFI"},"content":{"rendered":"\t\t<div data-elementor-type=\"wp-page\" data-elementor-id=\"16\" class=\"elementor elementor-16\" data-elementor-post-type=\"page\">\n\t\t\t\t\t\t<section class=\"elementor-section elementor-top-section elementor-element elementor-element-2cd2a1f elementor-section-boxed elementor-section-height-default elementor-section-height-default\" data-id=\"2cd2a1f\" data-element_type=\"section\" data-e-type=\"section\">\n\t\t\t\t\t\t<div class=\"elementor-container elementor-column-gap-default\">\n\t\t\t\t\t<div class=\"elementor-column elementor-col-100 elementor-top-column elementor-element elementor-element-26db4f5\" data-id=\"26db4f5\" data-element_type=\"column\" data-e-type=\"column\">\n\t\t\t<div class=\"elementor-widget-wrap elementor-element-populated\">\n\t\t\t\t\t\t<div class=\"elementor-element elementor-element-8e52b97 elementor-widget elementor-widget-image\" data-id=\"8e52b97\" data-element_type=\"widget\" data-e-type=\"widget\" data-settings=\"{&quot;_animation&quot;:&quot;none&quot;}\" data-widget_type=\"image.default\">\n\t\t\t\t<div class=\"elementor-widget-container\">\n\t\t\t\t\t\t\t\t\t\t\t\t\t\t\t<img fetchpriority=\"high\" decoding=\"async\" width=\"1024\" height=\"334\" src=\"https:\/\/www.ihfi-turgot.com\/wp-content\/uploads\/2020\/09\/Minist_Finance_band.jpg\" class=\"attachment-colormag-elementor-block-extra-large-thumbnail size-colormag-elementor-block-extra-large-thumbnail wp-image-391\" alt=\"\" srcset=\"https:\/\/www.ihfi-turgot.com\/wp-content\/uploads\/2020\/09\/Minist_Finance_band.jpg 1024w, https:\/\/www.ihfi-turgot.com\/wp-content\/uploads\/2020\/09\/Minist_Finance_band-300x98.jpg 300w, https:\/\/www.ihfi-turgot.com\/wp-content\/uploads\/2020\/09\/Minist_Finance_band-768x251.jpg 768w\" sizes=\"(max-width: 1024px) 100vw, 1024px\" \/>\t\t\t\t\t\t\t\t\t\t\t\t\t\t\t<\/div>\n\t\t\t\t<\/div>\n\t\t\t\t<div class=\"elementor-element elementor-element-becf834 elementor-widget elementor-widget-image\" data-id=\"becf834\" data-element_type=\"widget\" data-e-type=\"widget\" data-settings=\"{&quot;_animation&quot;:&quot;none&quot;}\" data-widget_type=\"image.default\">\n\t\t\t\t<div class=\"elementor-widget-container\">\n\t\t\t\t\t\t\t\t\t\t\t\t\t\t\t<img decoding=\"async\" width=\"262\" height=\"300\" src=\"https:\/\/www.ihfi-turgot.com\/wp-content\/uploads\/2020\/09\/LOGO-Turgot-262x300.jpg\" class=\"attachment-medium size-medium wp-image-394\" alt=\"\" srcset=\"https:\/\/www.ihfi-turgot.com\/wp-content\/uploads\/2020\/09\/LOGO-Turgot-262x300.jpg 262w, https:\/\/www.ihfi-turgot.com\/wp-content\/uploads\/2020\/09\/LOGO-Turgot.jpg 496w\" sizes=\"(max-width: 262px) 100vw, 262px\" \/>\t\t\t\t\t\t\t\t\t\t\t\t\t\t\t<\/div>\n\t\t\t\t<\/div>\n\t\t\t\t\t<\/div>\n\t\t<\/div>\n\t\t\t\t\t<\/div>\n\t\t<\/section>\n\t\t\t\t<section class=\"elementor-section elementor-top-section elementor-element elementor-element-16cc7fa elementor-section-boxed elementor-section-height-default elementor-section-height-default\" data-id=\"16cc7fa\" data-element_type=\"section\" data-e-type=\"section\">\n\t\t\t\t\t\t<div class=\"elementor-container elementor-column-gap-default\">\n\t\t\t\t\t<div class=\"elementor-column elementor-col-100 elementor-top-column elementor-element elementor-element-205430c9\" data-id=\"205430c9\" data-element_type=\"column\" data-e-type=\"column\">\n\t\t\t<div class=\"elementor-widget-wrap elementor-element-populated\">\n\t\t\t\t\t\t<div class=\"elementor-element elementor-element-237eccba elementor-widget elementor-widget-text-editor\" data-id=\"237eccba\" data-element_type=\"widget\" data-e-type=\"widget\" data-widget_type=\"text-editor.default\">\n\t\t\t\t<div class=\"elementor-widget-container\">\n\t\t\t\t\t\t\t\t\t<p>L\u2019AEAEIHFI, pr\u00e9sid\u00e9e par\u00a0<strong>Kathleen Wantz O\u2019Rourke,<\/strong>\u00a0a \u00e9t\u00e9 cr\u00e9\u00e9e en 1973 par la premi\u00e8re promotion de l\u2019Institut de Haute Finance (IHFi). Depuis\u00a0cette date, elle a multipli\u00e9 les actions en faveur du rayonnement de l\u2019IHFi et du Prix Turgot du meilleur livre d\u2019\u00e9conomie financi\u00e8re. Elle a cr\u00e9\u00e9 le Prix des anciens de l\u2019IHFi et le club Turgot en 1987, le Prix Turgot\u00a0en 1992, puis le Cercle Turgot\u00a0et la\u00a0collection des livres Turgot\u00a0\u00e0 partir de 2009, qui r\u00e9unit 22 volumes \u00e0 la fin de 2025.<\/p><p>Chaque ann\u00e9e, le\u00a0Club Turgot (Comit\u00e9 de pr\u00e9s\u00e9lection\u00a0du prix Turgot), compos\u00e9 de 25 anciens \u00e9l\u00e8ves de l\u2019IHFi et anim\u00e9 par <span data-olk-copy-source=\"MessageBody\">\u00a0<strong>Florence Angl\u00e8s <\/strong>et <strong>Jean-Jacques Pluchart<\/strong><\/span><!--EndFragment-->\u00a0analyse entre 150 et 200 ouvrages \u00e9conomiques et financiers francophones. Il soumet une pr\u00e9s\u00e9lection au Grand Jury pr\u00e9sid\u00e9 par\u00a0<strong>Jean-Claude Trichet<\/strong>\u00a0(qui a succ\u00e9d\u00e9 \u00e0 Michel Bon et \u00e0 Pierre Jars). Le Grand Jury compos\u00e9 de 20 personnalit\u00e9s des mondes de l\u2019entreprise, de la fonction publique et de l\u2019universit\u00e9, d\u00e9signe le Grand Prix et le Prix du jury parmi 5 \u00e0 6 nomin\u00e9s.<\/p><p>En mars 2024, le Club a mis en ligne le blog\u00a0<a href=\"http:\/\/clubturgot.com\/\" data-wplink-edit=\"true\"><strong><em>clubturgot.com<\/em><\/strong><\/a>\u00a0sur lequel ont \u00e9t\u00e9 publi\u00e9es environ 270 chroniques (en fran\u00e7ais et en anglais) sur les derniers livres \u00e9conomiques francophones. A la fin de d\u00e9cembre 2025, le blog r\u00e9unit environ 25\u00a0000 lecteurs chaque semaine. Les chroniques r\u00e9dig\u00e9es par le Club sont \u00e9galement diffus\u00e9es dans les revues et journaux de plusieurs associations partenaires. Elles sont r\u00e9unies dans trois ouvrages (<em>La pens\u00e9e \u00e9conomique fran\u00e7aise<\/em>\u00a0en 2 volumes, et\u00a0<em>Les le\u00e7ons de Turgot et de Smith<\/em>). Des membres du Club sont \u00e9galement invit\u00e9s \u00e0 animer des conf\u00e9rences et \u00e0 r\u00e9diger des chapitres dans des livres collectifs traitant des probl\u00e8mes \u00e9conomiques contemporains.<\/p><p>Par l\u2019ensemble de ces actions, l\u2019Association a ainsi contribu\u00e9 \u00e0 mettre en \u0153uvre sa raison d\u2019\u00eatre qui est de contribuer \u00e0 enrichir la culture \u00e9conomique des fran\u00e7ais.<\/p><p><!-- \/wp:paragraph --><\/p>\t\t\t\t\t\t\t\t<\/div>\n\t\t\t\t<\/div>\n\t\t\t\t\t<\/div>\n\t\t<\/div>\n\t\t\t\t\t<\/div>\n\t\t<\/section>\n\t\t\t\t<section class=\"elementor-section elementor-top-section elementor-element elementor-element-df5589d elementor-section-boxed elementor-section-height-default elementor-section-height-default\" data-id=\"df5589d\" data-element_type=\"section\" data-e-type=\"section\">\n\t\t\t\t\t\t<div class=\"elementor-container elementor-column-gap-default\">\n\t\t\t\t\t<div class=\"elementor-column elementor-col-100 elementor-top-column elementor-element elementor-element-46221cc\" data-id=\"46221cc\" data-element_type=\"column\" data-e-type=\"column\">\n\t\t\t<div class=\"elementor-widget-wrap elementor-element-populated\">\n\t\t\t\t\t\t<div class=\"elementor-element elementor-element-f82729b elementor-widget elementor-widget-text-editor\" data-id=\"f82729b\" data-element_type=\"widget\" data-e-type=\"widget\" data-widget_type=\"text-editor.default\">\n\t\t\t\t<div class=\"elementor-widget-container\">\n\t\t\t\t\t\t\t\t\t<p style=\"text-align: center;\"><strong>COMMUNIQU\u00c9 de PRESSE de la 39e c\u00e9r\u00e9monie du Prix Turgot<\/strong><\/p>\t\t\t\t\t\t\t\t<\/div>\n\t\t\t\t<\/div>\n\t\t\t\t\t<\/div>\n\t\t<\/div>\n\t\t\t\t\t<\/div>\n\t\t<\/section>\n\t\t\t\t<section class=\"elementor-section elementor-top-section elementor-element elementor-element-4faf301 elementor-section-boxed elementor-section-height-default elementor-section-height-default\" data-id=\"4faf301\" data-element_type=\"section\" data-e-type=\"section\">\n\t\t\t\t\t\t<div class=\"elementor-container elementor-column-gap-default\">\n\t\t\t\t\t<div class=\"elementor-column elementor-col-100 elementor-top-column elementor-element elementor-element-e36a404\" data-id=\"e36a404\" data-element_type=\"column\" data-e-type=\"column\">\n\t\t\t<div class=\"elementor-widget-wrap elementor-element-populated\">\n\t\t\t\t\t\t<div class=\"elementor-element elementor-element-b1a2b20 elementor-view-stacked elementor-shape-circle elementor-widget elementor-widget-icon\" data-id=\"b1a2b20\" data-element_type=\"widget\" data-e-type=\"widget\" data-widget_type=\"icon.default\">\n\t\t\t\t<div class=\"elementor-widget-container\">\n\t\t\t\t\t\t\t<div class=\"elementor-icon-wrapper\">\n\t\t\t<a class=\"elementor-icon\" href=\"http:\/\/www.ihfi-turgot.com\/wp-content\/uploads\/2026\/03\/CP-Plamares-39e-Prix-Turgot_vers-FRA.pdf\" target=\"_blank\">\n\t\t\t<i aria-hidden=\"true\" class=\"far fa-file-pdf\"><\/i>\t\t\t<\/a>\n\t\t<\/div>\n\t\t\t\t\t\t<\/div>\n\t\t\t\t<\/div>\n\t\t\t\t\t<\/div>\n\t\t<\/div>\n\t\t\t\t\t<\/div>\n\t\t<\/section>\n\t\t\t\t<section class=\"elementor-section elementor-top-section elementor-element elementor-element-342cde9 elementor-section-boxed elementor-section-height-default elementor-section-height-default\" data-id=\"342cde9\" data-element_type=\"section\" data-e-type=\"section\">\n\t\t\t\t\t\t<div class=\"elementor-container elementor-column-gap-default\">\n\t\t\t\t\t<div class=\"elementor-column elementor-col-100 elementor-top-column elementor-element elementor-element-40f45a2\" data-id=\"40f45a2\" data-element_type=\"column\" data-e-type=\"column\">\n\t\t\t<div class=\"elementor-widget-wrap elementor-element-populated\">\n\t\t\t\t\t\t<div class=\"elementor-element elementor-element-c9e00b1 elementor-widget elementor-widget-spacer\" data-id=\"c9e00b1\" data-element_type=\"widget\" data-e-type=\"widget\" data-widget_type=\"spacer.default\">\n\t\t\t\t<div class=\"elementor-widget-container\">\n\t\t\t\t\t\t\t<div class=\"elementor-spacer\">\n\t\t\t<div class=\"elementor-spacer-inner\"><\/div>\n\t\t<\/div>\n\t\t\t\t\t\t<\/div>\n\t\t\t\t<\/div>\n\t\t\t\t<div class=\"elementor-element elementor-element-8974cb2 elementor-widget elementor-widget-image\" data-id=\"8974cb2\" data-element_type=\"widget\" data-e-type=\"widget\" data-widget_type=\"image.default\">\n\t\t\t\t<div class=\"elementor-widget-container\">\n\t\t\t\t\t\t\t\t\t\t\t\t\t\t\t<img decoding=\"async\" width=\"150\" height=\"150\" src=\"https:\/\/www.ihfi-turgot.com\/wp-content\/uploads\/2024\/04\/LOGO-CERCLE-150x150.jpg\" class=\"attachment-thumbnail size-thumbnail wp-image-1540\" alt=\"\" \/>\t\t\t\t\t\t\t\t\t\t\t\t\t\t\t<\/div>\n\t\t\t\t<\/div>\n\t\t\t\t\t<\/div>\n\t\t<\/div>\n\t\t\t\t\t<\/div>\n\t\t<\/section>\n\t\t\t\t<section class=\"elementor-section elementor-top-section elementor-element elementor-element-7835608 elementor-section-boxed elementor-section-height-default elementor-section-height-default\" data-id=\"7835608\" data-element_type=\"section\" data-e-type=\"section\">\n\t\t\t\t\t\t<div class=\"elementor-container elementor-column-gap-default\">\n\t\t\t\t\t<div class=\"elementor-column elementor-col-100 elementor-top-column elementor-element elementor-element-b1d7e87\" data-id=\"b1d7e87\" data-element_type=\"column\" data-e-type=\"column\">\n\t\t\t<div class=\"elementor-widget-wrap elementor-element-populated\">\n\t\t\t\t\t\t<div class=\"elementor-element elementor-element-5003cbe elementor-widget elementor-widget-text-editor\" data-id=\"5003cbe\" data-element_type=\"widget\" data-e-type=\"widget\" data-widget_type=\"text-editor.default\">\n\t\t\t\t<div class=\"elementor-widget-container\">\n\t\t\t\t\t\t\t\t\t<h4 class=\"wpr-post-title\" style=\"text-align: center;\">Clubturgot.com, la 100 e \u00e9dition<\/h4><p style=\"text-align: center;\">Jean-Jacques Pluchart<br \/>R\u00e9dacteur en chef<\/p><p><strong><em>Clubturgot.com<\/em><\/strong><strong>\u00a0f\u00eate sa 100<sup>e<\/sup>\u00a0\u00e9dition<\/strong>. La 1<sup>ere<\/sup>\u00a0<em>newsletter<\/em>\u00a0francophone et anglophone sur la litt\u00e9rature \u00e9conomique et financi\u00e8re, a publi\u00e9, depuis mars 2024, plus de 300 chroniques, notes de lecture et hommages aux \u0153uvres de grands \u00e9conomistes. Au fil des semaines, afin de mieux r\u00e9pondre aux attentes de leurs lecteurs, les r\u00e9dacteurs de la\u00a0<em>newsletter<\/em>\u00a0ont publi\u00e9 leurs articles en fran\u00e7ais puis en anglais, et les ont consacr\u00e9s aux travaux des th\u00e9oriciens et aux t\u00e9moignages des praticiens dans les m\u00e9tiers de plus en plus nombreux et complexes de l\u2019\u00e9conomie et de la finance. \u00a0Chaque semaine, en quelques minutes, les 30\u00a0000 lectrices et lecteurs de\u00a0<em>cluturgot.com<\/em>\u00a0prennent ainsi connaissance des principaux \u00e9v\u00e9nements \u00e9conomiques et financiers contemporains.<\/p><p>Le auteurs des articles publi\u00e9s dans\u00a0<em>clubturgot.com<\/em>\u00a0sont des laur\u00e9ats du Prix Turgot, des repr\u00e9sentants des associations partenaires et des membres du club Turgot, qui assure la pr\u00e9s\u00e9lection des ouvrages soumis \u00e0 un jury de personnalit\u00e9s pr\u00e9sid\u00e9 par Jean-Claude Trichet.\u00a0 Depuis la cr\u00e9ation du prix Turgot en 1987, le club a lu environ 5000 ouvrages et en a chroniqu\u00e9 pr\u00e8s de 4000, et le jury\u00a0 a d\u00e9cern\u00e9, dans les salons du S\u00e9nat puis de Bercy,\u00a0 39\u00a0 Grands Prix,\u00a0 41 Prix du Jury, 102 mentions d\u2019honneur, et 120 Prix Sp\u00e9ciaux (collectifs, de la p\u00e9dagogie, francophone, jeune auteur, DFCG, AF2i). Le club Turgot a \u00e9galement publi\u00e9, avec des laur\u00e9ats du Prix r\u00e9unis dans le Cercle Turgot, 22 ouvrages collectifs sur les grandes probl\u00e9matiques \u00e9conomiques et manag\u00e9riales. Les chroniques sur les livres prim\u00e9s ont \u00e9t\u00e9 r\u00e9unis dans trois ouvrages\u00a0:\u00a0<em>La pens\u00e9e \u00e9conomique fran\u00e7aise (2\u00a0<\/em>tomes) et\u00a0<em>Les le\u00e7ons de Turgot et de Smith<\/em>.<\/p><p><strong>Pour sa 100<sup>e<\/sup>\u00a0parution,\u00a0<em>clubturgot.com<\/em>\u00a0propose\u00a0:<\/strong><\/p><p><strong>-une chronique originale de Jean-Jacques Pluchart sur les impacts de l\u2019Intelligence Artificielle sur les m\u00e9tiers de la banque,<\/strong><\/p><p><strong>-une pr\u00e9sentation par Philippe Alezard des travaux de Norbert Wiener, grand math\u00e9maticien de la finance,<\/strong><\/p><p><strong>-une analyse par Sophie Friot \u00a0\u00a0du livre\u00a0\u00a0 de\u00a0 Eric WEIL,\u00a0<em>Retraites, un blocage fran\u00e7ais.<\/em><\/strong><\/p>\t\t\t\t\t\t\t\t<\/div>\n\t\t\t\t<\/div>\n\t\t\t\t\t<\/div>\n\t\t<\/div>\n\t\t\t\t\t<\/div>\n\t\t<\/section>\n\t\t\t\t<\/div>\n\t\t","protected":false},"excerpt":{"rendered":"<p>L\u2019AEAEIHFI, pr\u00e9sid\u00e9e par\u00a0Kathleen Wantz O\u2019Rourke,\u00a0a \u00e9t\u00e9 cr\u00e9\u00e9e en 1973 par la premi\u00e8re promotion de l\u2019Institut de Haute Finance (IHFi). Depuis\u00a0cette<\/p>\n","protected":false},"author":1,"featured_media":0,"parent":0,"menu_order":0,"comment_status":"closed","ping_status":"closed","template":"","meta":{"colormag_page_container_layout":"default_layout","colormag_page_sidebar_layout":"default_layout","footnotes":""},"class_list":["post-16","page","type-page","status-publish","hentry"],"aioseo_notices":[],"_links":{"self":[{"href":"https:\/\/www.ihfi-turgot.com\/index.php?rest_route=\/wp\/v2\/pages\/16","targetHints":{"allow":["GET"]}}],"collection":[{"href":"https:\/\/www.ihfi-turgot.com\/index.php?rest_route=\/wp\/v2\/pages"}],"about":[{"href":"https:\/\/www.ihfi-turgot.com\/index.php?rest_route=\/wp\/v2\/types\/page"}],"author":[{"embeddable":true,"href":"https:\/\/www.ihfi-turgot.com\/index.php?rest_route=\/wp\/v2\/users\/1"}],"replies":[{"embeddable":true,"href":"https:\/\/www.ihfi-turgot.com\/index.php?rest_route=%2Fwp%2Fv2%2Fcomments&post=16"}],"version-history":[{"count":370,"href":"https:\/\/www.ihfi-turgot.com\/index.php?rest_route=\/wp\/v2\/pages\/16\/revisions"}],"predecessor-version":[{"id":2026,"href":"https:\/\/www.ihfi-turgot.com\/index.php?rest_route=\/wp\/v2\/pages\/16\/revisions\/2026"}],"wp:attachment":[{"href":"https:\/\/www.ihfi-turgot.com\/index.php?rest_route=%2Fwp%2Fv2%2Fmedia&parent=16"}],"curies":[{"name":"wp","href":"https:\/\/api.w.org\/{rel}","templated":true}]}}