{"id":398,"date":"2020-09-16T20:52:48","date_gmt":"2020-09-16T18:52:48","guid":{"rendered":"http:\/\/localhost\/IHFI\/?page_id=398"},"modified":"2026-03-28T15:27:23","modified_gmt":"2026-03-28T14:27:23","slug":"historique-du-prix-turgot","status":"publish","type":"page","link":"http:\/\/www.ihfi-turgot.com\/?page_id=398","title":{"rendered":""},"content":{"rendered":"\t\t<div data-elementor-type=\"wp-page\" data-elementor-id=\"398\" class=\"elementor elementor-398\" data-elementor-post-type=\"page\">\n\t\t\t\t\t\t<section class=\"elementor-section elementor-top-section elementor-element elementor-element-df166c3 elementor-section-boxed elementor-section-height-default elementor-section-height-default\" data-id=\"df166c3\" data-element_type=\"section\" data-e-type=\"section\">\n\t\t\t\t\t\t<div class=\"elementor-container elementor-column-gap-default\">\n\t\t\t\t\t<div class=\"elementor-column elementor-col-100 elementor-top-column elementor-element elementor-element-61bb77a\" data-id=\"61bb77a\" data-element_type=\"column\" data-e-type=\"column\">\n\t\t\t<div class=\"elementor-widget-wrap elementor-element-populated\">\n\t\t\t\t\t\t<div class=\"elementor-element elementor-element-1612155 elementor-widget elementor-widget-heading\" data-id=\"1612155\" data-element_type=\"widget\" data-e-type=\"widget\" data-widget_type=\"heading.default\">\n\t\t\t\t<div class=\"elementor-widget-container\">\n\t\t\t\t\t<h2 class=\"elementor-heading-title elementor-size-default\">Laur\u00e9ats Grand Prix<\/h2>\t\t\t\t<\/div>\n\t\t\t\t<\/div>\n\t\t\t\t\t<\/div>\n\t\t<\/div>\n\t\t\t\t\t<\/div>\n\t\t<\/section>\n\t\t\t\t<section class=\"elementor-section elementor-top-section elementor-element elementor-element-c5c4390 elementor-section-boxed elementor-section-height-default elementor-section-height-default\" data-id=\"c5c4390\" data-element_type=\"section\" data-e-type=\"section\">\n\t\t\t\t\t\t<div class=\"elementor-container elementor-column-gap-default\">\n\t\t\t\t\t<div class=\"elementor-column elementor-col-100 elementor-top-column elementor-element elementor-element-337d794\" data-id=\"337d794\" data-element_type=\"column\" data-e-type=\"column\">\n\t\t\t<div class=\"elementor-widget-wrap elementor-element-populated\">\n\t\t\t\t\t\t<div class=\"elementor-element elementor-element-69f49ac elementor-widget elementor-widget-spacer\" data-id=\"69f49ac\" data-element_type=\"widget\" data-e-type=\"widget\" data-widget_type=\"spacer.default\">\n\t\t\t\t<div class=\"elementor-widget-container\">\n\t\t\t\t\t\t\t<div class=\"elementor-spacer\">\n\t\t\t<div class=\"elementor-spacer-inner\"><\/div>\n\t\t<\/div>\n\t\t\t\t\t\t<\/div>\n\t\t\t\t<\/div>\n\t\t\t\t\t<\/div>\n\t\t<\/div>\n\t\t\t\t\t<\/div>\n\t\t<\/section>\n\t\t\t\t<section class=\"elementor-section elementor-top-section elementor-element elementor-element-0ed5deb elementor-section-boxed elementor-section-height-default elementor-section-height-default\" data-id=\"0ed5deb\" data-element_type=\"section\" data-e-type=\"section\">\n\t\t\t\t\t\t<div class=\"elementor-container elementor-column-gap-default\">\n\t\t\t\t\t<div class=\"elementor-column elementor-col-100 elementor-top-column elementor-element elementor-element-4968cca\" data-id=\"4968cca\" data-element_type=\"column\" data-e-type=\"column\">\n\t\t\t<div class=\"elementor-widget-wrap elementor-element-populated\">\n\t\t\t\t\t\t<div class=\"elementor-element elementor-element-32d6008 elementor-widget elementor-widget-image\" data-id=\"32d6008\" data-element_type=\"widget\" data-e-type=\"widget\" data-widget_type=\"image.default\">\n\t\t\t\t<div class=\"elementor-widget-container\">\n\t\t\t\t\t\t\t\t\t\t\t\t\t\t\t<img fetchpriority=\"high\" decoding=\"async\" width=\"601\" height=\"722\" src=\"http:\/\/www.ihfi-turgot.com\/wp-content\/uploads\/2026\/03\/laureats.jpg\" class=\"attachment-large size-large wp-image-1996\" alt=\"\" srcset=\"http:\/\/www.ihfi-turgot.com\/wp-content\/uploads\/2026\/03\/laureats.jpg 601w, http:\/\/www.ihfi-turgot.com\/wp-content\/uploads\/2026\/03\/laureats-250x300.jpg 250w\" sizes=\"(max-width: 601px) 100vw, 601px\" \/>\t\t\t\t\t\t\t\t\t\t\t\t\t\t\t<\/div>\n\t\t\t\t<\/div>\n\t\t\t\t\t<\/div>\n\t\t<\/div>\n\t\t\t\t\t<\/div>\n\t\t<\/section>\n\t\t\t\t<section class=\"elementor-section elementor-top-section elementor-element elementor-element-63e1dba elementor-section-boxed elementor-section-height-default elementor-section-height-default\" data-id=\"63e1dba\" data-element_type=\"section\" data-e-type=\"section\">\n\t\t\t\t\t\t<div class=\"elementor-container elementor-column-gap-default\">\n\t\t\t\t\t<div class=\"elementor-column elementor-col-100 elementor-top-column elementor-element elementor-element-56ca44b\" data-id=\"56ca44b\" data-element_type=\"column\" data-e-type=\"column\">\n\t\t\t<div class=\"elementor-widget-wrap elementor-element-populated\">\n\t\t\t\t\t\t<div class=\"elementor-element elementor-element-0b740ec elementor-widget-divider--view-line elementor-widget elementor-widget-divider\" data-id=\"0b740ec\" data-element_type=\"widget\" data-e-type=\"widget\" data-widget_type=\"divider.default\">\n\t\t\t\t<div class=\"elementor-widget-container\">\n\t\t\t\t\t\t\t<div class=\"elementor-divider\">\n\t\t\t<span class=\"elementor-divider-separator\">\n\t\t\t\t\t\t<\/span>\n\t\t<\/div>\n\t\t\t\t\t\t<\/div>\n\t\t\t\t<\/div>\n\t\t\t\t\t<\/div>\n\t\t<\/div>\n\t\t\t\t\t<\/div>\n\t\t<\/section>\n\t\t\t\t<section class=\"elementor-section elementor-top-section elementor-element elementor-element-9de338a elementor-section-boxed elementor-section-height-default elementor-section-height-default\" data-id=\"9de338a\" data-element_type=\"section\" data-e-type=\"section\">\n\t\t\t\t\t\t<div class=\"elementor-container elementor-column-gap-default\">\n\t\t\t\t\t<div class=\"elementor-column elementor-col-33 elementor-top-column elementor-element elementor-element-0b8271d\" data-id=\"0b8271d\" data-element_type=\"column\" data-e-type=\"column\">\n\t\t\t<div class=\"elementor-widget-wrap elementor-element-populated\">\n\t\t\t\t\t\t<div class=\"elementor-element elementor-element-f14758e elementor-view-default elementor-position-block-start elementor-mobile-position-block-start elementor-widget elementor-widget-icon-box\" data-id=\"f14758e\" data-element_type=\"widget\" data-e-type=\"widget\" data-widget_type=\"icon-box.default\">\n\t\t\t\t<div class=\"elementor-widget-container\">\n\t\t\t\t\t\t\t<div class=\"elementor-icon-box-wrapper\">\n\n\t\t\t\t\t\t<div class=\"elementor-icon-box-icon\">\n\t\t\t\t<a href=\"http:\/\/www.ihfi-turgot.com\/wp-content\/uploads\/2023\/04\/2021-et-2022.pdf\" target=\"_blank\" class=\"elementor-icon\" tabindex=\"-1\" aria-label=\"Laur\u00e9ats\">\n\t\t\t\t<i aria-hidden=\"true\" class=\"fas fa-book\"><\/i>\t\t\t\t<\/a>\n\t\t\t<\/div>\n\t\t\t\n\t\t\t\t\t\t<div class=\"elementor-icon-box-content\">\n\n\t\t\t\t\t\t\t\t\t<h3 class=\"elementor-icon-box-title\">\n\t\t\t\t\t\t<a href=\"http:\/\/www.ihfi-turgot.com\/wp-content\/uploads\/2023\/04\/2021-et-2022.pdf\" target=\"_blank\" >\n\t\t\t\t\t\t\tLaur\u00e9ats\t\t\t\t\t\t<\/a>\n\t\t\t\t\t<\/h3>\n\t\t\t\t\n\t\t\t\t\t\t\t\t\t<p class=\"elementor-icon-box-description\">\n\t\t\t\t\t\tde 2021 et 2022\t\t\t\t\t<\/p>\n\t\t\t\t\n\t\t\t<\/div>\n\t\t\t\n\t\t<\/div>\n\t\t\t\t\t\t<\/div>\n\t\t\t\t<\/div>\n\t\t\t\t\t<\/div>\n\t\t<\/div>\n\t\t\t\t<div class=\"elementor-column elementor-col-33 elementor-top-column elementor-element elementor-element-66f108e\" data-id=\"66f108e\" data-element_type=\"column\" data-e-type=\"column\">\n\t\t\t<div class=\"elementor-widget-wrap elementor-element-populated\">\n\t\t\t\t\t\t<div class=\"elementor-element elementor-element-f74c59e elementor-view-default elementor-position-block-start elementor-mobile-position-block-start elementor-widget elementor-widget-icon-box\" data-id=\"f74c59e\" data-element_type=\"widget\" data-e-type=\"widget\" data-widget_type=\"icon-box.default\">\n\t\t\t\t<div class=\"elementor-widget-container\">\n\t\t\t\t\t\t\t<div class=\"elementor-icon-box-wrapper\">\n\n\t\t\t\t\t\t<div class=\"elementor-icon-box-icon\">\n\t\t\t\t<a href=\"http:\/\/www.ihfi-turgot.com\/wp-content\/uploads\/2021\/12\/palmares-turgot.pdf\" target=\"_blank\" class=\"elementor-icon\" tabindex=\"-1\" aria-label=\"Laur\u00e9ats\">\n\t\t\t\t<i aria-hidden=\"true\" class=\"fas fa-book\"><\/i>\t\t\t\t<\/a>\n\t\t\t<\/div>\n\t\t\t\n\t\t\t\t\t\t<div class=\"elementor-icon-box-content\">\n\n\t\t\t\t\t\t\t\t\t<h3 class=\"elementor-icon-box-title\">\n\t\t\t\t\t\t<a href=\"http:\/\/www.ihfi-turgot.com\/wp-content\/uploads\/2021\/12\/palmares-turgot.pdf\" target=\"_blank\" >\n\t\t\t\t\t\t\tLaur\u00e9ats\t\t\t\t\t\t<\/a>\n\t\t\t\t\t<\/h3>\n\t\t\t\t\n\t\t\t\t\t\t\t\t\t<p class=\"elementor-icon-box-description\">\n\t\t\t\t\t\tde 2019 et 2020\t\t\t\t\t<\/p>\n\t\t\t\t\n\t\t\t<\/div>\n\t\t\t\n\t\t<\/div>\n\t\t\t\t\t\t<\/div>\n\t\t\t\t<\/div>\n\t\t\t\t\t<\/div>\n\t\t<\/div>\n\t\t\t\t<div class=\"elementor-column elementor-col-33 elementor-top-column elementor-element elementor-element-0fbabf0\" data-id=\"0fbabf0\" data-element_type=\"column\" data-e-type=\"column\">\n\t\t\t<div class=\"elementor-widget-wrap elementor-element-populated\">\n\t\t\t\t\t\t<div class=\"elementor-element elementor-element-27c7db2 elementor-view-default elementor-position-block-start elementor-mobile-position-block-start elementor-widget elementor-widget-icon-box\" data-id=\"27c7db2\" data-element_type=\"widget\" data-e-type=\"widget\" data-widget_type=\"icon-box.default\">\n\t\t\t\t<div class=\"elementor-widget-container\">\n\t\t\t\t\t\t\t<div class=\"elementor-icon-box-wrapper\">\n\n\t\t\t\t\t\t<div class=\"elementor-icon-box-icon\">\n\t\t\t\t<a href=\"http:\/\/www.ihfi-turgot.com\/wp-content\/uploads\/2021\/12\/liste-historique-du-prix-turgot-1.pdf\" target=\"_blank\" class=\"elementor-icon\" tabindex=\"-1\" aria-label=\"Laur\u00e9ats\">\n\t\t\t\t<i aria-hidden=\"true\" class=\"fas fa-book\"><\/i>\t\t\t\t<\/a>\n\t\t\t<\/div>\n\t\t\t\n\t\t\t\t\t\t<div class=\"elementor-icon-box-content\">\n\n\t\t\t\t\t\t\t\t\t<h3 class=\"elementor-icon-box-title\">\n\t\t\t\t\t\t<a href=\"http:\/\/www.ihfi-turgot.com\/wp-content\/uploads\/2021\/12\/liste-historique-du-prix-turgot-1.pdf\" target=\"_blank\" >\n\t\t\t\t\t\t\tLaur\u00e9ats\t\t\t\t\t\t<\/a>\n\t\t\t\t\t<\/h3>\n\t\t\t\t\n\t\t\t\t\t\t\t\t\t<p class=\"elementor-icon-box-description\">\n\t\t\t\t\t\tde 1992 \u00e0 2018\t\t\t\t\t<\/p>\n\t\t\t\t\n\t\t\t<\/div>\n\t\t\t\n\t\t<\/div>\n\t\t\t\t\t\t<\/div>\n\t\t\t\t<\/div>\n\t\t\t\t\t<\/div>\n\t\t<\/div>\n\t\t\t\t\t<\/div>\n\t\t<\/section>\n\t\t\t\t<section class=\"elementor-section elementor-top-section elementor-element elementor-element-1da0b2e elementor-section-boxed elementor-section-height-default elementor-section-height-default\" data-id=\"1da0b2e\" data-element_type=\"section\" data-e-type=\"section\">\n\t\t\t\t\t\t<div class=\"elementor-container elementor-column-gap-default\">\n\t\t\t\t\t<div class=\"elementor-column elementor-col-100 elementor-top-column elementor-element elementor-element-6784345\" data-id=\"6784345\" data-element_type=\"column\" data-e-type=\"column\">\n\t\t\t<div class=\"elementor-widget-wrap elementor-element-populated\">\n\t\t\t\t\t\t<div class=\"elementor-element elementor-element-1668237 elementor-widget elementor-widget-text-editor\" data-id=\"1668237\" data-element_type=\"widget\" data-e-type=\"widget\" data-widget_type=\"text-editor.default\">\n\t\t\t\t<div class=\"elementor-widget-container\">\n\t\t\t\t\t\t\t\t\t<p><strong>Prix TURGOT<\/strong><\/p><p>Les plus grands auteurs de l\u2019\u00e9conomie financi\u00e8re ont \u00e9t\u00e9 r\u00e9compens\u00e9s par ce prix\u00a0 :\u00a0<strong>Christian SAINT-ETIENNE<\/strong>,\u00a0<strong>Philippe JURGENSEN<\/strong>\u00a0\u2013\u00a0<strong>Andr\u00e9 LEVY-LANG<\/strong>\u00a020\u00e8me \u00e9dition,\u00a0<strong>Patrick ARTUS<\/strong>\u00a021\u00e8me\u00a0<strong>Olivier PASTRE<\/strong>\u00a0et\u00a0<strong>Jean-Marc SYLVESTRE<\/strong>\u00a022\u00e8me,\u00a0<strong>Georges PAUGET<\/strong>\u00a023\u00e8me\u00a0<strong>Augustin LANDIER<\/strong>\u00a0<strong>David THESMAR<\/strong>\u00a024 \u00e8me ,\u00a0<strong>Olivier RAY et Jean-Michel SEVERINO<\/strong>\u00a025\u00e8me ,\u00a0<strong>Jean-Marc DANIEL<\/strong>\u00a026\u00e8me\u00a0<strong>Bertrand MARTINOT<\/strong>\u00a027\u00e8me,\u00a0<strong>Jacques MISTRAL<\/strong>\u00a028\u00e8me,\u00a0<strong>Gaspard KOENIG<\/strong>\u00a029\u00e8me,\u00a0<strong>Francis KRAMARZ<\/strong>\u00a0et\u00a0<strong>Philippe TIBI<\/strong>\u00a030\u00e8me,\u00a0<strong>Vivien LEVY-GARBOUA<\/strong>\u00a031\u00e8me,\u00a0<strong>Guillaume PITRON<\/strong>\u00a032\u00e8me,\u00a0<strong>Christian GOLLIER<\/strong>\u00a033\u00e8me,\u00a0<strong>Olivier BABEAU<\/strong>\u00a034\u00e8me,\u00a0<strong>Aur\u00e9lie JEAN<\/strong>\u00a035\u00e8me<strong>, Jean COATANLEM<\/strong>\u2013<strong>Antonio de LECEA<\/strong>\u00a036\u00e8me.<\/p><p><strong>\u00a0<\/strong><\/p><p><strong>J<\/strong>\u2013<strong>Paul BETBEZE<\/strong>,\u00a0<strong>Christian SAINT-ETIENNE<\/strong>,\u00a0<strong>Andr\u00e9 LEVY-LANG<\/strong>,\u00a0<strong>Bernard ESAMBERT<\/strong>,\u00a0<strong>Pierre-No\u00ebl GIRAUD<\/strong>,\u00a0<strong>Jean TIROLE, Jacques de LAROSIERE de CHAMPFEU, Michel CAMDESSUS,<\/strong>\u00a0<strong>H\u00e9l\u00e8ne REY, Christine LAGARDE, Olivier<\/strong>\u00a0<strong>BLANCHARD<\/strong>\u00a0ont \u00e9t\u00e9 les seuls laur\u00e9ats individuels comme le Cercle des Economistes et la Revue d\u2019Economie Financi\u00e8re en cat\u00e9gorie collectif<\/p>\t\t\t\t\t\t\t\t<\/div>\n\t\t\t\t<\/div>\n\t\t\t\t\t<\/div>\n\t\t<\/div>\n\t\t\t\t\t<\/div>\n\t\t<\/section>\n\t\t\t\t<section class=\"elementor-section elementor-top-section elementor-element elementor-element-31717ba elementor-section-boxed elementor-section-height-default elementor-section-height-default\" data-id=\"31717ba\" data-element_type=\"section\" data-e-type=\"section\">\n\t\t\t\t\t\t<div class=\"elementor-container elementor-column-gap-default\">\n\t\t\t\t\t<div class=\"elementor-column elementor-col-100 elementor-top-column elementor-element elementor-element-72ab82b\" data-id=\"72ab82b\" data-element_type=\"column\" data-e-type=\"column\">\n\t\t\t<div class=\"elementor-widget-wrap elementor-element-populated\">\n\t\t\t\t\t\t<div class=\"elementor-element elementor-element-1149313 elementor-widget elementor-widget-spacer\" data-id=\"1149313\" data-element_type=\"widget\" data-e-type=\"widget\" data-widget_type=\"spacer.default\">\n\t\t\t\t<div class=\"elementor-widget-container\">\n\t\t\t\t\t\t\t<div class=\"elementor-spacer\">\n\t\t\t<div class=\"elementor-spacer-inner\"><\/div>\n\t\t<\/div>\n\t\t\t\t\t\t<\/div>\n\t\t\t\t<\/div>\n\t\t\t\t\t<\/div>\n\t\t<\/div>\n\t\t\t\t\t<\/div>\n\t\t<\/section>\n\t\t\t\t<section class=\"elementor-section elementor-top-section elementor-element elementor-element-0853c32 elementor-section-boxed elementor-section-height-default elementor-section-height-default\" data-id=\"0853c32\" data-element_type=\"section\" data-e-type=\"section\">\n\t\t\t\t\t\t<div class=\"elementor-container elementor-column-gap-default\">\n\t\t\t\t\t<div class=\"elementor-column elementor-col-100 elementor-top-column elementor-element elementor-element-f6008a7\" data-id=\"f6008a7\" data-element_type=\"column\" data-e-type=\"column\">\n\t\t\t<div class=\"elementor-widget-wrap elementor-element-populated\">\n\t\t\t\t\t\t<div class=\"elementor-element elementor-element-eb6a9b9 elementor-widget elementor-widget-heading\" data-id=\"eb6a9b9\" data-element_type=\"widget\" data-e-type=\"widget\" data-widget_type=\"heading.default\">\n\t\t\t\t<div class=\"elementor-widget-container\">\n\t\t\t\t\t<h2 class=\"elementor-heading-title elementor-size-default\">Grand Prix d'Honneur pour l'ensemble d'une \u0153uvre<\/h2>\t\t\t\t<\/div>\n\t\t\t\t<\/div>\n\t\t\t\t\t<\/div>\n\t\t<\/div>\n\t\t\t\t\t<\/div>\n\t\t<\/section>\n\t\t\t\t<section class=\"elementor-section elementor-top-section elementor-element elementor-element-e3fd95c elementor-section-boxed elementor-section-height-default elementor-section-height-default\" data-id=\"e3fd95c\" data-element_type=\"section\" data-e-type=\"section\">\n\t\t\t\t\t\t<div class=\"elementor-container elementor-column-gap-default\">\n\t\t\t\t\t<div class=\"elementor-column elementor-col-100 elementor-top-column elementor-element elementor-element-d6f8d7b\" data-id=\"d6f8d7b\" data-element_type=\"column\" data-e-type=\"column\">\n\t\t\t<div class=\"elementor-widget-wrap elementor-element-populated\">\n\t\t\t\t\t\t<div class=\"elementor-element elementor-element-7ee25cc elementor-widget elementor-widget-text-editor\" data-id=\"7ee25cc\" data-element_type=\"widget\" data-e-type=\"widget\" data-widget_type=\"text-editor.default\">\n\t\t\t\t<div class=\"elementor-widget-container\">\n\t\t\t\t\t\t\t\t\t<p><strong>Olivier BLANCHARD<\/strong> &#8211; pour l\u2019ensemble de son \u0153uvre &#8211; Senior fellow de l\u2019Institut Peterson , ancien \u00e9conomiste en chef du Fonds Mon\u00e9taire International\u00a0 2022<\/p><p><strong>Madame Christine LAGARDE<\/strong> &#8211; Pour l&rsquo;ensemble de son \u0153uvre &#8211; Pr\u00e9sidente de la Banque Centrale Europ\u00e9enne 2020<\/p><p><strong>H\u00e9l\u00e8ne REY<\/strong> &#8211; Pour l&rsquo;ensemble de son \u0153uvre -Economiste &#8211; Chercheur &#8211; Professeur \u00e0 la London Business School\u00a0\u00a0\u00a02019<\/p><p><strong>Michel CAMDESSUS<\/strong> &#8211; Pour l&rsquo;ensemble de son \u0153uvre \u00ab\u00a0Vers le Monde en 2050, ce que l&rsquo;avenir nous r\u00e9serve &#8211; Ed. FAYARD\u00a0\u00a0\u00a02018<\/p><p><strong>Jacques de LAROSIERE de CHAMPFEU<\/strong>\u00a0\u00a02017<\/p><p><strong>Jean TIROLE<\/strong> \u00ab\u00a0Economie du Bien Commun\u00a0\u00bb &#8211; Ed. PUF\u00a0\u00a02016<\/p><p><strong>Pierre No\u00ebl GIRAUD<\/strong> \u00ab\u00a0L&rsquo;Homme inutile\u00a0\u00bb- Ed. PLON\u00a0\u00a02015<\/p><p><strong>Andr\u00e9 LEVY-LANG<\/strong> Pr\u00e9sident Fondateur de l&rsquo;Institut Louis BACHELIER, de la Fondation du Risque, Auteur-Professeur et Banquier &#8211; Prix Turgot\u00a02014<\/p>\t\t\t\t\t\t\t\t<\/div>\n\t\t\t\t<\/div>\n\t\t\t\t\t<\/div>\n\t\t<\/div>\n\t\t\t\t\t<\/div>\n\t\t<\/section>\n\t\t\t\t<\/div>\n\t\t","protected":false},"excerpt":{"rendered":"<p>Laur\u00e9ats Grand Prix Laur\u00e9ats de 2021 et 2022 Laur\u00e9ats de 2019 et 2020 Laur\u00e9ats de 1992 \u00e0 2018 Prix TURGOT<\/p>\n","protected":false},"author":1,"featured_media":0,"parent":0,"menu_order":0,"comment_status":"closed","ping_status":"closed","template":"","meta":{"colormag_page_container_layout":"default_layout","colormag_page_sidebar_layout":"default_layout","footnotes":""},"class_list":["post-398","page","type-page","status-publish","hentry"],"aioseo_notices":[],"_links":{"self":[{"href":"http:\/\/www.ihfi-turgot.com\/index.php?rest_route=\/wp\/v2\/pages\/398","targetHints":{"allow":["GET"]}}],"collection":[{"href":"http:\/\/www.ihfi-turgot.com\/index.php?rest_route=\/wp\/v2\/pages"}],"about":[{"href":"http:\/\/www.ihfi-turgot.com\/index.php?rest_route=\/wp\/v2\/types\/page"}],"author":[{"embeddable":true,"href":"http:\/\/www.ihfi-turgot.com\/index.php?rest_route=\/wp\/v2\/users\/1"}],"replies":[{"embeddable":true,"href":"http:\/\/www.ihfi-turgot.com\/index.php?rest_route=%2Fwp%2Fv2%2Fcomments&post=398"}],"version-history":[{"count":75,"href":"http:\/\/www.ihfi-turgot.com\/index.php?rest_route=\/wp\/v2\/pages\/398\/revisions"}],"predecessor-version":[{"id":1999,"href":"http:\/\/www.ihfi-turgot.com\/index.php?rest_route=\/wp\/v2\/pages\/398\/revisions\/1999"}],"wp:attachment":[{"href":"http:\/\/www.ihfi-turgot.com\/index.php?rest_route=%2Fwp%2Fv2%2Fmedia&parent=398"}],"curies":[{"name":"wp","href":"https:\/\/api.w.org\/{rel}","templated":true}]}}