{"id":259,"date":"2020-08-02T14:39:07","date_gmt":"2020-08-02T12:39:07","guid":{"rendered":"http:\/\/localhost\/IHFI\/?page_id=259"},"modified":"2026-01-24T16:54:17","modified_gmt":"2026-01-24T15:54:17","slug":"conseil-dadministration","status":"publish","type":"page","link":"http:\/\/www.ihfi-turgot.com\/?page_id=259","title":{"rendered":"Conseil d&rsquo;Administration"},"content":{"rendered":"\t\t<div data-elementor-type=\"wp-page\" data-elementor-id=\"259\" class=\"elementor elementor-259\" data-elementor-post-type=\"page\">\n\t\t\t\t\t\t<section class=\"elementor-section elementor-top-section elementor-element elementor-element-94dbf55 elementor-section-boxed elementor-section-height-default elementor-section-height-default\" data-id=\"94dbf55\" data-element_type=\"section\" data-e-type=\"section\">\n\t\t\t\t\t\t<div class=\"elementor-container elementor-column-gap-default\">\n\t\t\t\t\t<div class=\"elementor-column elementor-col-100 elementor-top-column elementor-element elementor-element-c25ddb8\" data-id=\"c25ddb8\" data-element_type=\"column\" data-e-type=\"column\">\n\t\t\t<div class=\"elementor-widget-wrap elementor-element-populated\">\n\t\t\t\t\t\t<div class=\"elementor-element elementor-element-50009c3 elementor-widget elementor-widget-text-editor\" data-id=\"50009c3\" data-element_type=\"widget\" data-e-type=\"widget\" data-widget_type=\"text-editor.default\">\n\t\t\t\t<div class=\"elementor-widget-container\">\n\t\t\t\t\t\t\t\t\t<h5><span data-olk-copy-source=\"MessageBody\">A L&rsquo;issue\u00a0de l&rsquo;Assembl\u00e9e g\u00e9n\u00e9rale du 26 septembre 2025 et du Conseil d&rsquo;Administration qui a suivi et qui a r\u00e9\u00e9lu le bureau, le Conseil d&rsquo;Administration est compos\u00e9 de :<\/span><\/h5>\t\t\t\t\t\t\t\t<\/div>\n\t\t\t\t<\/div>\n\t\t\t\t\t<\/div>\n\t\t<\/div>\n\t\t\t\t\t<\/div>\n\t\t<\/section>\n\t\t\t\t<section class=\"elementor-section elementor-top-section elementor-element elementor-element-1b91ca0 elementor-section-boxed elementor-section-height-default elementor-section-height-default\" data-id=\"1b91ca0\" data-element_type=\"section\" data-e-type=\"section\">\n\t\t\t\t\t\t<div class=\"elementor-container elementor-column-gap-default\">\n\t\t\t\t\t<div class=\"elementor-column elementor-col-100 elementor-top-column elementor-element elementor-element-aa78aa5\" data-id=\"aa78aa5\" data-element_type=\"column\" data-e-type=\"column\">\n\t\t\t<div class=\"elementor-widget-wrap elementor-element-populated\">\n\t\t\t\t\t\t<div class=\"elementor-element elementor-element-b285c04 elementor-widget elementor-widget-text-editor\" data-id=\"b285c04\" data-element_type=\"widget\" data-e-type=\"widget\" data-widget_type=\"text-editor.default\">\n\t\t\t\t<div class=\"elementor-widget-container\">\n\t\t\t\t\t\t\t\t\t<ul><li><strong>Jean-Louis CHAMBON<\/strong>\u00a0Pr\u00e9sident d\u2019honneur membre de droit<\/li><li><strong>Kathleen WANTZ-O\u2019ROURKE<\/strong>\u00a0Pr\u00e9sidente<\/li><li><strong>Hubert ALCARAZ<\/strong>\u00a0vice-pr\u00e9sident<\/li><li><strong>Jean-Jacques PLUCHART<\/strong>\u00a0vice-pr\u00e9sident<\/li><li><strong>Florence ANGLES<\/strong>\u00a0vice-pr\u00e9sidente<\/li><li><strong>Philippe ALEZARD<\/strong>\u00a0vice -pr\u00e9sident<\/li><li><strong>Michel GABET<\/strong>\u00a0secr\u00e9taire-g\u00e9n\u00e9ral tr\u00e9sorier<\/li><\/ul><h4><strong>Administrateurs\u00a0<\/strong>:<\/h4><ul><li><p><strong>Renzo BORSATO<\/strong><\/p><\/li><li><p><strong>Alain BRUNET<\/strong><\/p><\/li><li><p><strong>Christian CHOUFFIER<\/strong><\/p><\/li><li><p><strong>Freddi GODET DES MARAIS<\/strong><\/p><\/li><li><p><strong>Lo\u00efc LE MENN<\/strong><\/p><\/li><li><p><strong>Fran\u00e7ois NAUX<\/strong><\/p><\/li><\/ul>\t\t\t\t\t\t\t\t<\/div>\n\t\t\t\t<\/div>\n\t\t\t\t\t<\/div>\n\t\t<\/div>\n\t\t\t\t\t<\/div>\n\t\t<\/section>\n\t\t\t\t<section class=\"elementor-section elementor-top-section elementor-element elementor-element-f8cc832 elementor-section-boxed elementor-section-height-default elementor-section-height-default\" data-id=\"f8cc832\" data-element_type=\"section\" data-e-type=\"section\">\n\t\t\t\t\t\t<div class=\"elementor-container elementor-column-gap-default\">\n\t\t\t\t\t<div class=\"elementor-column elementor-col-100 elementor-top-column elementor-element elementor-element-215d7a9\" data-id=\"215d7a9\" data-element_type=\"column\" data-e-type=\"column\">\n\t\t\t<div class=\"elementor-widget-wrap elementor-element-populated\">\n\t\t\t\t\t\t<div class=\"elementor-element elementor-element-308db27 elementor-widget elementor-widget-heading\" data-id=\"308db27\" data-element_type=\"widget\" data-e-type=\"widget\" data-widget_type=\"heading.default\">\n\t\t\t\t<div class=\"elementor-widget-container\">\n\t\t\t\t\t<h3 class=\"elementor-heading-title elementor-size-default\">Conseil d'administration de l'AEAEIHFi\n\n<\/h3>\t\t\t\t<\/div>\n\t\t\t\t<\/div>\n\t\t\t\t\t<\/div>\n\t\t<\/div>\n\t\t\t\t\t<\/div>\n\t\t<\/section>\n\t\t\t\t<section class=\"elementor-section elementor-top-section elementor-element elementor-element-f9d4be9 elementor-section-boxed elementor-section-height-default elementor-section-height-default\" data-id=\"f9d4be9\" data-element_type=\"section\" data-e-type=\"section\">\n\t\t\t\t\t\t<div class=\"elementor-container elementor-column-gap-default\">\n\t\t\t\t\t<div class=\"elementor-column elementor-col-100 elementor-top-column elementor-element elementor-element-0dfa07b\" data-id=\"0dfa07b\" data-element_type=\"column\" data-e-type=\"column\">\n\t\t\t<div class=\"elementor-widget-wrap elementor-element-populated\">\n\t\t\t\t\t\t<div class=\"elementor-element elementor-element-37665f8 elementor-widget elementor-widget-text-editor\" data-id=\"37665f8\" data-element_type=\"widget\" data-e-type=\"widget\" data-widget_type=\"text-editor.default\">\n\t\t\t\t<div class=\"elementor-widget-container\">\n\t\t\t\t\t\t\t\t\t<h5>Le conseil d\u2019administration de l\u2019AEAEIHFI a d\u00e9fini comme suit les statuts du club Turgot, compos\u00e9 d\u2019anciens \u00e9l\u00e8ves de l\u2019IHFI et d\u2019experts de la finance .<\/h5><h5>1\/ Le club se r\u00e9unit 3 \u00e0 4 fois par an \u00e0 l\u2019h\u00f4tel de Guenegaud, \u00e0 l\u2019initiative de son (ou sa) pr\u00e9sident (e) .<\/h5><h5>2\/ Les membres du club Turgot recensent et\u00a0 chroniquent les publications \u00e9conomiques et financi\u00e8res de l\u2019ann\u00e9e en cours, et les diffuse aux autres membres.<\/h5><h5>2 le (la ) pr\u00e9sident (e )\u00a0 \u00e9tablit des listes des publications de l\u2019ann\u00e9e en cours, harmonise les chroniques r\u00e9dig\u00e9es par les membres du club et les publie chaque semaine, en fran\u00e7ais et en anglais, sur le <strong>blog <a href=\"clubturgot.com\" target=\"_blank\" rel=\"noopener\">clubturgot.com<\/a><\/strong><a href=\"_wp_link_placeholder\">\u00a0<\/a><\/h5><h5>3\/\/ le (la ) pr\u00e9sident (e )\u00a0 du club\u00a0 pr\u00e9pare, avec la pr\u00e9sidente du Prix Turgot, \u00a0le dossier destin\u00e9 au jury du prix Turgot.<\/h5><h5><strong>\u00a0<\/strong><\/h5>\t\t\t\t\t\t\t\t<\/div>\n\t\t\t\t<\/div>\n\t\t\t\t\t<\/div>\n\t\t<\/div>\n\t\t\t\t\t<\/div>\n\t\t<\/section>\n\t\t\t\t<\/div>\n\t\t","protected":false},"excerpt":{"rendered":"<p>A L&rsquo;issue\u00a0de l&rsquo;Assembl\u00e9e g\u00e9n\u00e9rale du 26 septembre 2025 et du Conseil d&rsquo;Administration qui a suivi et qui a r\u00e9\u00e9lu le<\/p>\n","protected":false},"author":1,"featured_media":0,"parent":0,"menu_order":0,"comment_status":"closed","ping_status":"closed","template":"","meta":{"colormag_page_container_layout":"default_layout","colormag_page_sidebar_layout":"default_layout","footnotes":""},"class_list":["post-259","page","type-page","status-publish","hentry"],"aioseo_notices":[],"_links":{"self":[{"href":"http:\/\/www.ihfi-turgot.com\/index.php?rest_route=\/wp\/v2\/pages\/259","targetHints":{"allow":["GET"]}}],"collection":[{"href":"http:\/\/www.ihfi-turgot.com\/index.php?rest_route=\/wp\/v2\/pages"}],"about":[{"href":"http:\/\/www.ihfi-turgot.com\/index.php?rest_route=\/wp\/v2\/types\/page"}],"author":[{"embeddable":true,"href":"http:\/\/www.ihfi-turgot.com\/index.php?rest_route=\/wp\/v2\/users\/1"}],"replies":[{"embeddable":true,"href":"http:\/\/www.ihfi-turgot.com\/index.php?rest_route=%2Fwp%2Fv2%2Fcomments&post=259"}],"version-history":[{"count":47,"href":"http:\/\/www.ihfi-turgot.com\/index.php?rest_route=\/wp\/v2\/pages\/259\/revisions"}],"predecessor-version":[{"id":1888,"href":"http:\/\/www.ihfi-turgot.com\/index.php?rest_route=\/wp\/v2\/pages\/259\/revisions\/1888"}],"wp:attachment":[{"href":"http:\/\/www.ihfi-turgot.com\/index.php?rest_route=%2Fwp%2Fv2%2Fmedia&parent=259"}],"curies":[{"name":"wp","href":"https:\/\/api.w.org\/{rel}","templated":true}]}}