{"id":187,"date":"2020-08-02T13:33:57","date_gmt":"2020-08-02T11:33:57","guid":{"rendered":"http:\/\/localhost\/IHFI\/?page_id=187"},"modified":"2024-03-18T18:59:59","modified_gmt":"2024-03-18T17:59:59","slug":"publications-cercle-turgot","status":"publish","type":"page","link":"http:\/\/www.ihfi-turgot.com\/?page_id=187","title":{"rendered":"Publications &#8211; Cercle Turgot"},"content":{"rendered":"\t\t<div data-elementor-type=\"wp-page\" data-elementor-id=\"187\" class=\"elementor elementor-187\" data-elementor-post-type=\"page\">\n\t\t\t\t\t\t<section class=\"elementor-section elementor-top-section elementor-element elementor-element-9ac043f elementor-section-boxed elementor-section-height-default elementor-section-height-default\" data-id=\"9ac043f\" data-element_type=\"section\" data-e-type=\"section\">\n\t\t\t\t\t\t<div class=\"elementor-container elementor-column-gap-default\">\n\t\t\t\t\t<div class=\"elementor-column elementor-col-100 elementor-top-column elementor-element elementor-element-b784ba8\" data-id=\"b784ba8\" data-element_type=\"column\" data-e-type=\"column\">\n\t\t\t<div class=\"elementor-widget-wrap elementor-element-populated\">\n\t\t\t\t\t\t<div class=\"elementor-element elementor-element-dc31cbe elementor-invisible elementor-widget elementor-widget-image\" data-id=\"dc31cbe\" data-element_type=\"widget\" data-e-type=\"widget\" data-settings=\"{&quot;_animation&quot;:&quot;fadeInDown&quot;}\" data-widget_type=\"image.default\">\n\t\t\t\t<div class=\"elementor-widget-container\">\n\t\t\t\t\t\t\t\t\t\t\t\t\t\t\t<img fetchpriority=\"high\" decoding=\"async\" width=\"575\" height=\"198\" src=\"http:\/\/www.ihfi-turgot.com\/wp-content\/uploads\/2020\/08\/Iglesia_de_Santo_Domingo_Lima_Per\u00fa_2015-07-28_DD_52-54_HDR-575x198.jpg\" class=\"attachment-colormag-elementor-grid-medium-large-thumbnail size-colormag-elementor-grid-medium-large-thumbnail wp-image-242\" alt=\"\" \/>\t\t\t\t\t\t\t\t\t\t\t\t\t\t\t<\/div>\n\t\t\t\t<\/div>\n\t\t\t\t\t<\/div>\n\t\t<\/div>\n\t\t\t\t\t<\/div>\n\t\t<\/section>\n\t\t\t\t<section class=\"elementor-section elementor-top-section elementor-element elementor-element-ac86299 elementor-section-boxed elementor-section-height-default elementor-section-height-default\" data-id=\"ac86299\" data-element_type=\"section\" data-e-type=\"section\">\n\t\t\t\t\t\t<div class=\"elementor-container elementor-column-gap-default\">\n\t\t\t\t\t<div class=\"elementor-column elementor-col-100 elementor-top-column elementor-element elementor-element-4e01bd8\" data-id=\"4e01bd8\" data-element_type=\"column\" data-e-type=\"column\">\n\t\t\t<div class=\"elementor-widget-wrap elementor-element-populated\">\n\t\t\t\t\t\t<div class=\"elementor-element elementor-element-ac40ce9 elementor-widget elementor-widget-heading\" data-id=\"ac40ce9\" data-element_type=\"widget\" data-e-type=\"widget\" data-widget_type=\"heading.default\">\n\t\t\t\t<div class=\"elementor-widget-container\">\n\t\t\t\t\t<h5 class=\"elementor-heading-title elementor-size-default\">LE CERCLE TURGOT<\/h5>\t\t\t\t<\/div>\n\t\t\t\t<\/div>\n\t\t\t\t\t<\/div>\n\t\t<\/div>\n\t\t\t\t\t<\/div>\n\t\t<\/section>\n\t\t\t\t<section class=\"elementor-section elementor-top-section elementor-element elementor-element-ec8ba66 elementor-section-boxed elementor-section-height-default elementor-section-height-default\" data-id=\"ec8ba66\" data-element_type=\"section\" data-e-type=\"section\">\n\t\t\t\t\t\t<div class=\"elementor-container elementor-column-gap-default\">\n\t\t\t\t\t<div class=\"elementor-column elementor-col-100 elementor-top-column elementor-element elementor-element-5ab6263\" data-id=\"5ab6263\" data-element_type=\"column\" data-e-type=\"column\">\n\t\t\t<div class=\"elementor-widget-wrap elementor-element-populated\">\n\t\t\t\t\t\t<div class=\"elementor-element elementor-element-8155fa6 elementor-widget elementor-widget-heading\" data-id=\"8155fa6\" data-element_type=\"widget\" data-e-type=\"widget\" data-widget_type=\"heading.default\">\n\t\t\t\t<div class=\"elementor-widget-container\">\n\t\t\t\t\t<h6 class=\"elementor-heading-title elementor-size-default\">Association r\u00e9gie par la loi du 1er Juillet 1901\n\u200b<\/h6>\t\t\t\t<\/div>\n\t\t\t\t<\/div>\n\t\t\t\t\t<\/div>\n\t\t<\/div>\n\t\t\t\t\t<\/div>\n\t\t<\/section>\n\t\t\t\t<section class=\"elementor-section elementor-top-section elementor-element elementor-element-358fabf elementor-section-boxed elementor-section-height-default elementor-section-height-default\" data-id=\"358fabf\" data-element_type=\"section\" data-e-type=\"section\">\n\t\t\t\t\t\t<div class=\"elementor-container elementor-column-gap-default\">\n\t\t\t\t\t<div class=\"elementor-column elementor-col-100 elementor-top-column elementor-element elementor-element-4558449\" data-id=\"4558449\" data-element_type=\"column\" data-e-type=\"column\">\n\t\t\t<div class=\"elementor-widget-wrap elementor-element-populated\">\n\t\t\t\t\t\t<div class=\"elementor-element elementor-element-25ceb0a elementor-widget elementor-widget-text-editor\" data-id=\"25ceb0a\" data-element_type=\"widget\" data-e-type=\"widget\" data-widget_type=\"text-editor.default\">\n\t\t\t\t<div class=\"elementor-widget-container\">\n\t\t\t\t\t\t\t\t\t<p>Centre de r\u00e9flexions et d&rsquo;analyses traitant des grands sujets \u00e9conomiques et financiers contemporains, le Cercle Turgot a \u00e9t\u00e9 fond\u00e9 par l\u2019AEAEIHFI. Il a a pour vocation d&rsquo;encourager les auteurs, de favoriser la recherche et de d\u00e9velopper la p\u00e9dagogie dans les domaines des \u00e9conomies financi\u00e8re, publique et de l\u2019entreprise. Le Cercle r\u00e9unit ses membres fondateurs, les laur\u00e9ats du prix Turgot et des repr\u00e9sentants de l\u2019\u00e9conomie, de la finance et de l&rsquo;entreprise. Il est associ\u00e9 au <strong>Prix Turgot du meilleur livre d\u2019\u00e9conomie financi\u00e8re<\/strong> sous le haut patronage du minist\u00e8re de l\u2019\u00c9conomie et des Finances, ainsi que le <strong>prix Turgot-DFCG<\/strong> et le <strong>Prix FFA-Turgot<\/strong> de la Francophonie. Il organise des \u00e9v\u00e9nements (matinales, d\u00e9jeuners-d\u00e9bats) avec des personnalit\u00e9s du monde politique et financier. Il publie des ouvrages collectifs sur les grandes probl\u00e9matiques \u00e9conomiques contemporaines.<\/p>\t\t\t\t\t\t\t\t<\/div>\n\t\t\t\t<\/div>\n\t\t\t\t\t<\/div>\n\t\t<\/div>\n\t\t\t\t\t<\/div>\n\t\t<\/section>\n\t\t\t\t<section class=\"elementor-section elementor-top-section elementor-element elementor-element-cf9981d elementor-section-boxed elementor-section-height-default elementor-section-height-default\" data-id=\"cf9981d\" data-element_type=\"section\" data-e-type=\"section\">\n\t\t\t\t\t\t<div class=\"elementor-container elementor-column-gap-default\">\n\t\t\t\t\t<div class=\"elementor-column elementor-col-100 elementor-top-column elementor-element elementor-element-4b7e35f\" data-id=\"4b7e35f\" data-element_type=\"column\" data-e-type=\"column\">\n\t\t\t<div class=\"elementor-widget-wrap elementor-element-populated\">\n\t\t\t\t\t\t<div class=\"elementor-element elementor-element-da42c32 elementor-widget elementor-widget-image\" data-id=\"da42c32\" data-element_type=\"widget\" data-e-type=\"widget\" data-widget_type=\"image.default\">\n\t\t\t\t<div class=\"elementor-widget-container\">\n\t\t\t\t\t\t\t\t\t\t\t\t<figure class=\"wp-caption\">\n\t\t\t\t\t\t\t\t\t\t\t<a href=\"http:\/\/www.ihfi-turgot.com\/wp-content\/uploads\/2023\/09\/image002-1.jpg\" target=\"_blank\">\n\t\t\t\t\t\t\t<img decoding=\"async\" width=\"150\" height=\"150\" src=\"http:\/\/www.ihfi-turgot.com\/wp-content\/uploads\/2023\/09\/romanet-150x150.jpg\" class=\"attachment-thumbnail size-thumbnail wp-image-1126\" alt=\"\" \/>\t\t\t\t\t\t\t\t<\/a>\n\t\t\t\t\t\t\t\t\t\t\t<figcaption class=\"widget-image-caption wp-caption-text\">Pr\u00e9sident Augustin de ROMANET<\/figcaption>\n\t\t\t\t\t\t\t\t\t\t<\/figure>\n\t\t\t\t\t\t\t\t\t<\/div>\n\t\t\t\t<\/div>\n\t\t\t\t\t<\/div>\n\t\t<\/div>\n\t\t\t\t\t<\/div>\n\t\t<\/section>\n\t\t\t\t<section class=\"elementor-section elementor-top-section elementor-element elementor-element-1c956e9 elementor-section-boxed elementor-section-height-default elementor-section-height-default\" data-id=\"1c956e9\" data-element_type=\"section\" data-e-type=\"section\">\n\t\t\t\t\t\t<div class=\"elementor-container elementor-column-gap-default\">\n\t\t\t\t\t<div class=\"elementor-column elementor-col-100 elementor-top-column elementor-element elementor-element-49c0a4e\" data-id=\"49c0a4e\" data-element_type=\"column\" data-e-type=\"column\">\n\t\t\t<div class=\"elementor-widget-wrap elementor-element-populated\">\n\t\t\t\t\t\t<div class=\"elementor-element elementor-element-76107f3 elementor-widget elementor-widget-spacer\" data-id=\"76107f3\" data-element_type=\"widget\" data-e-type=\"widget\" data-widget_type=\"spacer.default\">\n\t\t\t\t<div class=\"elementor-widget-container\">\n\t\t\t\t\t\t\t<div class=\"elementor-spacer\">\n\t\t\t<div class=\"elementor-spacer-inner\"><\/div>\n\t\t<\/div>\n\t\t\t\t\t\t<\/div>\n\t\t\t\t<\/div>\n\t\t\t\t\t<\/div>\n\t\t<\/div>\n\t\t\t\t\t<\/div>\n\t\t<\/section>\n\t\t\t\t<section class=\"elementor-section elementor-top-section elementor-element elementor-element-99397b9 elementor-section-boxed elementor-section-height-default elementor-section-height-default\" data-id=\"99397b9\" data-element_type=\"section\" data-e-type=\"section\">\n\t\t\t\t\t\t<div class=\"elementor-container elementor-column-gap-default\">\n\t\t\t\t\t<div class=\"elementor-column elementor-col-100 elementor-top-column elementor-element elementor-element-29c35fb\" data-id=\"29c35fb\" data-element_type=\"column\" data-e-type=\"column\">\n\t\t\t<div class=\"elementor-widget-wrap elementor-element-populated\">\n\t\t\t\t\t\t<div class=\"elementor-element elementor-element-f7ad328 elementor-widget elementor-widget-heading\" data-id=\"f7ad328\" data-element_type=\"widget\" data-e-type=\"widget\" data-widget_type=\"heading.default\">\n\t\t\t\t<div class=\"elementor-widget-container\">\n\t\t\t\t\t<h5 class=\"elementor-heading-title elementor-size-default\">LES LIVRES DE LA COLLECTION TURGOT<\/h5>\t\t\t\t<\/div>\n\t\t\t\t<\/div>\n\t\t\t\t\t<\/div>\n\t\t<\/div>\n\t\t\t\t\t<\/div>\n\t\t<\/section>\n\t\t\t\t<section class=\"elementor-section elementor-top-section elementor-element elementor-element-8c01b2a elementor-section-boxed elementor-section-height-default elementor-section-height-default\" data-id=\"8c01b2a\" data-element_type=\"section\" data-e-type=\"section\">\n\t\t\t\t\t\t<div class=\"elementor-container elementor-column-gap-default\">\n\t\t\t\t\t<div class=\"elementor-column elementor-col-100 elementor-top-column elementor-element elementor-element-7ee4420\" data-id=\"7ee4420\" data-element_type=\"column\" data-e-type=\"column\">\n\t\t\t<div class=\"elementor-widget-wrap elementor-element-populated\">\n\t\t\t\t\t\t<div class=\"elementor-element elementor-element-f1d8fe0 elementor-widget elementor-widget-text-editor\" data-id=\"f1d8fe0\" data-element_type=\"widget\" data-e-type=\"widget\" data-widget_type=\"text-editor.default\">\n\t\t\t\t<div class=\"elementor-widget-container\">\n\t\t\t\t\t\t\t\t\t<p><em><b>Repenser la plan\u00e8te finance, M.BON<\/b>,&nbsp;&nbsp; <\/em>JL CHAMBON et A.DAVID, Eds Eyrolles, 2009.<\/p>\n<p><em><b>Chinam\u00e9rique, un couple contre nature<\/b>, <\/em>JL. CHAMBON et M.MARINI, Eds Eyrolles, 2010.<\/p>\n<p><em><b>Grandeur et mis\u00e8re de la finance moderne<\/b>, <\/em>JL. CHAMBON et JJ. PLUCHART (coord), Eds. Eyrolles, 2013.<\/p>\n<p><em><b>Apr\u00e8s la r\u00e9cession\u2026: inflation ou d\u00e9flation&nbsp;?,<\/b><\/em> P.SABATIER (coord), Eds Eyrolles, 2013.<\/p>\n<p><em><b>Les carnets de lecture du cercle Turgot<\/b>, <\/em>JL. CHAMBON et J.J PLUCHART, 2014.<\/p>\n<p><em><b>Shadow banking<\/b>, <\/em>C.MELIOS&nbsp; et <em>&nbsp;<\/em>JJ. PLUCHART, Eds. Eyrolles, 2015.<\/p>\n<p><em><b>Financer l\u2019\u00e9conomie r\u00e9elle<\/b>, <\/em>Ch. DE BOISSIEU et D. CHESNEAU (coor.), Eds Eyrolles, 2016.<\/p>\n<p><em><b>De quoi le capitalisme est-il le nom&nbsp;? M\u00e9tamorphose du capitalisme<\/b>, <\/em>JJ. PLUCHART, Eds Maxima, 2016. Prix 2017 de l\u2019Association des Directeurs Financiers.<\/p>\n<p><em>&nbsp;<b>La pens\u00e9e \u00e9conomique fran\u00e7aise<\/b>, <\/em>JL<strong>.<\/strong> CHAMBON et JJ. PLUCHART, Eds Vuibert, 2017.<\/p>\n<p><em><b>La r\u00e9volution silencieuse des seniors<\/b>, <\/em>JL. CHAMBON (coor.), Eds Eyrolles, 2017.<\/p>\n<p><em><b>Les banques face \u00e0 leur avenir proche<\/b>, <\/em>DESSERTINE Ph. et&nbsp; JB.MATTEU (dir), Eds Eyrolles, 2018.<\/p>\n<p><em><b>Des dettes publiques \u00e0 la d\u00e9rive, un ph\u00e9nom\u00e8ne mondial<\/b>, <\/em>F. BURGUIERE, Eds Eyrolles, 2018,<\/p>\n<p><em><b>Le financier, le juriste et le geek<\/b><\/em>, AP. BAHUON et JJPLUCHART (dir,), Eds Maxima, 2018, prix Turgot des ouvrages collectifs.<\/p>\n<p><b><em>Transformation des entreprises<\/em>, <em>la strat\u00e9gie<\/em> <\/b><em><b>phygitale des m\u00e9tiers du chiffre et du droit<\/b>, <\/em>AP, BAHUON et JJ. PLUCHART, Eds Vuibert, 2019.<\/p>\n<p><b><em>Le patriotisme \u00e9conomique a-t-il encore un sens en 2020&nbsp;?<\/em>,<\/b> Ch. de BOISSIEU et D. CHESNEAU (dir)<em>, <\/em>Eds Maxima, \u00e0 para\u00eetre<em>.<\/em><\/p>\n<p><em><b>Les nouveaux syst\u00e8mes de pilotage des entreprises<\/b>&nbsp;: enqu\u00eate sur les mutations des m\u00e9tiers de la donn\u00e9e et du chiffre, <\/em>JJ. PLUCHART, Eds Eska, \u00e0 para\u00eetre.<\/p>\n<p><em><b>La dette&nbsp;: potion magique ou poison mortel&nbsp;?&nbsp;<\/b>, <\/em>Ph DSSERTINES<em> (dir.),&nbsp;\u00e0 para\u00eetre.<\/em><\/p>\n<p><strong>Dette publique, poison mortel ou potion magique, <\/strong>Ph.&nbsp;<span style=\"font-family: &quot;Open Sans&quot;, serif; font-size: 14px; font-style: normal; font-variant-ligatures: normal; font-variant-caps: normal; font-weight: 400;\">DSSERTINES<\/span><em style=\"font-variant-ligatures: normal; font-variant-caps: normal; font-family: &quot;Open Sans&quot;, serif; font-size: 14px; font-weight: 400;\">&nbsp;<\/em>(dir),,, Eds T\u00e9l\u00e9maque, d\u00e9cembre<br>2020<br><strong>Les nouveaux syst\u00e8mes de pilotage des entreprises<\/strong>, J-J PLUCHART, Eds Eska, 2020. Pr\u00e9face d\u2019AP.<\/p>\n<p><strong>Intelligence Humaine et Intelligence Artificielle<\/strong>, Bahuon et de D.Bacqueroet .<br>J-J&nbsp;<span style=\"font-family: &quot;Open Sans&quot;, serif; font-size: 14px; font-style: normal; font-variant-ligatures: normal; font-variant-caps: normal; font-weight: 400;\">PLUCHART&nbsp;<\/span>et D.BONNET (dir), Eds Eska,dir avec D.BONNET, 2022..<\/p>\n<p><strong>Finance responsable et durable. Paradoxes th\u00e9oriques et pratiques<\/strong><br>J-J.&nbsp;<span style=\"font-family: &quot;Open Sans&quot;, serif; font-size: 14px; font-style: normal; font-variant-ligatures: normal; font-variant-caps: normal; font-weight: 400;\">PLUCHART&nbsp;<\/span>et I.CADET (dir),dir..avec I.CADET, Eska, 2022, label de la FNEGE 2023.<\/p>\n<p><strong>La pens\u00e9e \u00e9conomique fran\u00e7aise : le nouveaux enjeux<\/strong>, eds<br>Vuibert, avec JL CHAMBON, septembre 2023, 272 pages.<\/p>\t\t\t\t\t\t\t\t<\/div>\n\t\t\t\t<\/div>\n\t\t\t\t\t<\/div>\n\t\t<\/div>\n\t\t\t\t\t<\/div>\n\t\t<\/section>\n\t\t\t\t<section class=\"elementor-section elementor-top-section elementor-element elementor-element-7fc20c0 elementor-section-boxed elementor-section-height-default elementor-section-height-default\" data-id=\"7fc20c0\" data-element_type=\"section\" data-e-type=\"section\">\n\t\t\t\t\t\t<div class=\"elementor-container elementor-column-gap-default\">\n\t\t\t\t\t<div class=\"elementor-column elementor-col-100 elementor-top-column elementor-element elementor-element-7a3e2b4\" data-id=\"7a3e2b4\" data-element_type=\"column\" data-e-type=\"column\">\n\t\t\t<div class=\"elementor-widget-wrap elementor-element-populated\">\n\t\t\t\t\t\t<div class=\"elementor-element elementor-element-9a59773 elementor-widget elementor-widget-image\" data-id=\"9a59773\" data-element_type=\"widget\" data-e-type=\"widget\" data-widget_type=\"image.default\">\n\t\t\t\t<div class=\"elementor-widget-container\">\n\t\t\t\t\t\t\t\t\t\t\t\t\t\t\t\t<a href=\"https:\/\/cercle-turgot.org\/collection-turgot\/\" target=\"_blank\">\n\t\t\t\t\t\t\t<img decoding=\"async\" width=\"269\" height=\"61\" src=\"http:\/\/www.ihfi-turgot.com\/wp-content\/uploads\/2021\/03\/cercleturgot.jpg\" class=\"attachment-full size-full wp-image-542\" alt=\"\" \/>\t\t\t\t\t\t\t\t<\/a>\n\t\t\t\t\t\t\t\t\t\t\t\t\t\t\t<\/div>\n\t\t\t\t<\/div>\n\t\t\t\t\t<\/div>\n\t\t<\/div>\n\t\t\t\t\t<\/div>\n\t\t<\/section>\n\t\t\t\t<\/div>\n\t\t","protected":false},"excerpt":{"rendered":"<p>LE CERCLE TURGOT Association r\u00e9gie par la loi du 1er Juillet 1901 \u200b Centre de r\u00e9flexions et d&rsquo;analyses traitant des<\/p>\n","protected":false},"author":1,"featured_media":0,"parent":0,"menu_order":0,"comment_status":"closed","ping_status":"closed","template":"","meta":{"colormag_page_container_layout":"default_layout","colormag_page_sidebar_layout":"default_layout","footnotes":""},"class_list":["post-187","page","type-page","status-publish","hentry"],"aioseo_notices":[],"_links":{"self":[{"href":"http:\/\/www.ihfi-turgot.com\/index.php?rest_route=\/wp\/v2\/pages\/187","targetHints":{"allow":["GET"]}}],"collection":[{"href":"http:\/\/www.ihfi-turgot.com\/index.php?rest_route=\/wp\/v2\/pages"}],"about":[{"href":"http:\/\/www.ihfi-turgot.com\/index.php?rest_route=\/wp\/v2\/types\/page"}],"author":[{"embeddable":true,"href":"http:\/\/www.ihfi-turgot.com\/index.php?rest_route=\/wp\/v2\/users\/1"}],"replies":[{"embeddable":true,"href":"http:\/\/www.ihfi-turgot.com\/index.php?rest_route=%2Fwp%2Fv2%2Fcomments&post=187"}],"version-history":[{"count":25,"href":"http:\/\/www.ihfi-turgot.com\/index.php?rest_route=\/wp\/v2\/pages\/187\/revisions"}],"predecessor-version":[{"id":1438,"href":"http:\/\/www.ihfi-turgot.com\/index.php?rest_route=\/wp\/v2\/pages\/187\/revisions\/1438"}],"wp:attachment":[{"href":"http:\/\/www.ihfi-turgot.com\/index.php?rest_route=%2Fwp%2Fv2%2Fmedia&parent=187"}],"curies":[{"name":"wp","href":"https:\/\/api.w.org\/{rel}","templated":true}]}}