{"id":1799,"date":"2025-11-09T10:14:58","date_gmt":"2025-11-09T09:14:58","guid":{"rendered":"http:\/\/www.ihfi-turgot.com\/?page_id=1799"},"modified":"2025-11-09T10:16:51","modified_gmt":"2025-11-09T09:16:51","slug":"adae-dirigeants-et-administrateurs-de-pme-eti","status":"publish","type":"page","link":"http:\/\/www.ihfi-turgot.com\/?page_id=1799","title":{"rendered":"ADAE (Dirigeants et administrateurs de PME-ETI)"},"content":{"rendered":"\t\t<div data-elementor-type=\"wp-page\" data-elementor-id=\"1799\" class=\"elementor elementor-1799\" data-elementor-post-type=\"page\">\n\t\t\t\t\t\t<section class=\"elementor-section elementor-top-section elementor-element elementor-element-0f6250c elementor-section-boxed elementor-section-height-default elementor-section-height-default\" data-id=\"0f6250c\" data-element_type=\"section\" data-e-type=\"section\">\n\t\t\t\t\t\t<div class=\"elementor-container elementor-column-gap-default\">\n\t\t\t\t\t<div class=\"elementor-column elementor-col-100 elementor-top-column elementor-element elementor-element-47ab551\" data-id=\"47ab551\" data-element_type=\"column\" data-e-type=\"column\">\n\t\t\t<div class=\"elementor-widget-wrap elementor-element-populated\">\n\t\t\t\t\t\t<div class=\"elementor-element elementor-element-5a8cc23 elementor-widget elementor-widget-image\" data-id=\"5a8cc23\" data-element_type=\"widget\" data-e-type=\"widget\" data-widget_type=\"image.default\">\n\t\t\t\t<div class=\"elementor-widget-container\">\n\t\t\t\t\t\t\t\t\t\t\t\t\t\t\t<img decoding=\"async\" width=\"225\" height=\"102\" src=\"http:\/\/www.ihfi-turgot.com\/wp-content\/uploads\/2025\/11\/Le-club-Turgot-partenaire-du-club-ADAE.jpg\" class=\"attachment-large size-large wp-image-1801\" alt=\"\" \/>\t\t\t\t\t\t\t\t\t\t\t\t\t\t\t<\/div>\n\t\t\t\t<\/div>\n\t\t\t\t\t<\/div>\n\t\t<\/div>\n\t\t\t\t\t<\/div>\n\t\t<\/section>\n\t\t\t\t<section class=\"elementor-section elementor-top-section elementor-element elementor-element-4cd0cd3 elementor-section-boxed elementor-section-height-default elementor-section-height-default\" data-id=\"4cd0cd3\" data-element_type=\"section\" data-e-type=\"section\">\n\t\t\t\t\t\t<div class=\"elementor-container elementor-column-gap-default\">\n\t\t\t\t\t<div class=\"elementor-column elementor-col-100 elementor-top-column elementor-element elementor-element-8cbd04d\" data-id=\"8cbd04d\" data-element_type=\"column\" data-e-type=\"column\">\n\t\t\t<div class=\"elementor-widget-wrap elementor-element-populated\">\n\t\t\t\t\t\t<div class=\"elementor-element elementor-element-eed9c51 elementor-widget elementor-widget-spacer\" data-id=\"eed9c51\" data-element_type=\"widget\" data-e-type=\"widget\" data-widget_type=\"spacer.default\">\n\t\t\t\t<div class=\"elementor-widget-container\">\n\t\t\t\t\t\t\t<div class=\"elementor-spacer\">\n\t\t\t<div class=\"elementor-spacer-inner\"><\/div>\n\t\t<\/div>\n\t\t\t\t\t\t<\/div>\n\t\t\t\t<\/div>\n\t\t\t\t\t<\/div>\n\t\t<\/div>\n\t\t\t\t\t<\/div>\n\t\t<\/section>\n\t\t\t\t<section class=\"elementor-section elementor-top-section elementor-element elementor-element-5d352d7 elementor-section-boxed elementor-section-height-default elementor-section-height-default\" data-id=\"5d352d7\" data-element_type=\"section\" data-e-type=\"section\">\n\t\t\t\t\t\t<div class=\"elementor-container elementor-column-gap-default\">\n\t\t\t\t\t<div class=\"elementor-column elementor-col-100 elementor-top-column elementor-element elementor-element-366bfc7\" data-id=\"366bfc7\" data-element_type=\"column\" data-e-type=\"column\">\n\t\t\t<div class=\"elementor-widget-wrap elementor-element-populated\">\n\t\t\t\t\t\t<div class=\"elementor-element elementor-element-7a939ab elementor-widget elementor-widget-text-editor\" data-id=\"7a939ab\" data-element_type=\"widget\" data-e-type=\"widget\" data-widget_type=\"text-editor.default\">\n\t\t\t\t<div class=\"elementor-widget-container\">\n\t\t\t\t\t\t\t\t\t<h5>Le 4 novembre 2025, J-J.Pluchart a \u00e9t\u00e9 invit\u00e9 par l\u2019ADAE \u00e0 pr\u00e9senter une analyse des enjeux actuels de l\u2019IA pour la soci\u00e9t\u00e9 et les entreprises fran\u00e7aises. La conf\u00e9rence a successivement port\u00e9 sur la g\u00e9n\u00e9alogie de l\u2019IA (notamment g\u00e9n\u00e9rative), sur ses fonctionnalit\u00e9s, ses m\u00e9tiers et les probl\u00e9matiques engendr\u00e9es par son d\u00e9veloppement. Ces derni\u00e8res sont de natures g\u00e9ostrat\u00e9gique (l\u2019ind\u00e9pendance \u00e0 chaque maillon de la cha\u00eene de valeur de l\u2019IA, la cybers\u00e9curi\u00e9\u2026), \u00e9conomique (la contribution de l\u2019IA \u00e0 la productivit\u00e9 et \u00e0 la croissance), \u00e9nerg\u00e9tique (l\u2019impact des data centers sur les \u00e9missions de GES),\u00a0 financi\u00e8re (le financement des investissements dans la R&amp;D de l\u2019IA, la rentabilit\u00e9 des mod\u00e8les d\u2019IA g\u00e9n\u00e9rale, la \u00ab\u00a0bulle boursi\u00e8re\u00a0\u00bb de l\u2019IA), humaine (la destruction et la transformation d\u2019emplois), concurrencielle (les positions dominantes et les accords de coop\u00e9ration des GAFAM)\u00a0 et \u00e9thique (les biais alogrithmiques et les codes \u00e9thiques).<\/h5><h5>La conf\u00e9rence a \u00e9t\u00e9 illustr\u00e9e de nombreux exemples et de r\u00e9f\u00e9rences aux principaux ouvrages et rapports chroniqu\u00e9s sur <strong>clubturgot.com<\/strong> et analys\u00e9s dans le dernier livre du cub Turgot\u00a0: <em>Nouvelles r\u00e9flexions sur la richesse des nations. Les le\u00e7ons de Turgot et de Smith.<\/em><\/h5>\t\t\t\t\t\t\t\t<\/div>\n\t\t\t\t<\/div>\n\t\t\t\t\t<\/div>\n\t\t<\/div>\n\t\t\t\t\t<\/div>\n\t\t<\/section>\n\t\t\t\t<\/div>\n\t\t","protected":false},"excerpt":{"rendered":"<p>Le 4 novembre 2025, J-J.Pluchart a \u00e9t\u00e9 invit\u00e9 par l\u2019ADAE \u00e0 pr\u00e9senter une analyse des enjeux actuels de l\u2019IA pour<\/p>\n","protected":false},"author":1,"featured_media":0,"parent":0,"menu_order":0,"comment_status":"closed","ping_status":"closed","template":"","meta":{"colormag_page_container_layout":"default_layout","colormag_page_sidebar_layout":"default_layout","footnotes":""},"class_list":["post-1799","page","type-page","status-publish","hentry"],"aioseo_notices":[],"_links":{"self":[{"href":"http:\/\/www.ihfi-turgot.com\/index.php?rest_route=\/wp\/v2\/pages\/1799","targetHints":{"allow":["GET"]}}],"collection":[{"href":"http:\/\/www.ihfi-turgot.com\/index.php?rest_route=\/wp\/v2\/pages"}],"about":[{"href":"http:\/\/www.ihfi-turgot.com\/index.php?rest_route=\/wp\/v2\/types\/page"}],"author":[{"embeddable":true,"href":"http:\/\/www.ihfi-turgot.com\/index.php?rest_route=\/wp\/v2\/users\/1"}],"replies":[{"embeddable":true,"href":"http:\/\/www.ihfi-turgot.com\/index.php?rest_route=%2Fwp%2Fv2%2Fcomments&post=1799"}],"version-history":[{"count":4,"href":"http:\/\/www.ihfi-turgot.com\/index.php?rest_route=\/wp\/v2\/pages\/1799\/revisions"}],"predecessor-version":[{"id":1804,"href":"http:\/\/www.ihfi-turgot.com\/index.php?rest_route=\/wp\/v2\/pages\/1799\/revisions\/1804"}],"wp:attachment":[{"href":"http:\/\/www.ihfi-turgot.com\/index.php?rest_route=%2Fwp%2Fv2%2Fmedia&parent=1799"}],"curies":[{"name":"wp","href":"https:\/\/api.w.org\/{rel}","templated":true}]}}