{"id":179,"date":"2020-08-02T13:32:04","date_gmt":"2020-08-02T11:32:04","guid":{"rendered":"http:\/\/localhost\/IHFI\/?page_id=179"},"modified":"2025-02-05T17:06:59","modified_gmt":"2025-02-05T16:06:59","slug":"179-2","status":"publish","type":"page","link":"http:\/\/www.ihfi-turgot.com\/?page_id=179","title":{"rendered":""},"content":{"rendered":"\t\t<div data-elementor-type=\"wp-page\" data-elementor-id=\"179\" class=\"elementor elementor-179\" data-elementor-post-type=\"page\">\n\t\t\t\t\t\t<section class=\"elementor-section elementor-top-section elementor-element elementor-element-fca031a elementor-section-boxed elementor-section-height-default elementor-section-height-default\" data-id=\"fca031a\" data-element_type=\"section\" data-e-type=\"section\">\n\t\t\t\t\t\t<div class=\"elementor-container elementor-column-gap-default\">\n\t\t\t\t\t<div class=\"elementor-column elementor-col-100 elementor-top-column elementor-element elementor-element-0676683\" data-id=\"0676683\" data-element_type=\"column\" data-e-type=\"column\">\n\t\t\t<div class=\"elementor-widget-wrap elementor-element-populated\">\n\t\t\t\t\t\t<div class=\"elementor-element elementor-element-f3d3961 elementor-widget__width-initial elementor-widget elementor-widget-text-editor\" data-id=\"f3d3961\" data-element_type=\"widget\" data-e-type=\"widget\" data-widget_type=\"text-editor.default\">\n\t\t\t\t<div class=\"elementor-widget-container\">\n\t\t\t\t\t\t\t\t\t<h3><strong>Missions du club<\/strong><\/h3>\n<p>Le club de lecture a pour missions de&nbsp;:<\/p>\n<ul>\n<li><strong>pr\u00e9- s\u00e9lectionner<\/strong> les ouvrages d\u2019\u00e9conomie et de finance \u00e9ligibles aux prix Turgot,<\/li>\n<li><strong>remarquer<\/strong> les ouvrages pouvant int\u00e9resser les professionnels et les observateurs de l\u2019\u00e9conomie financi\u00e8re.<\/li>\n<\/ul>\n<p>Les ouvrages cibl\u00e9s doivent r\u00e9pondre aux <strong>crit\u00e8res<\/strong> suivants&nbsp;: livre d\u2019\u00e9conomie et\/ou de finance; livre \u00e9crit ou traduit en fran\u00e7ais&nbsp;; premi\u00e8re \u00e9dition (sauf remaniement important)&nbsp;; livre publi\u00e9 dans l\u2019ann\u00e9e&nbsp;; livre original, robuste, document\u00e9 et bien \u00e9crit&nbsp;; livre soulevant une probl\u00e9matique actuelle&nbsp;; auteur reconnu et\/ou l\u00e9gitime dans son domaine&nbsp;; tous \u00e9diteurs&nbsp;; traductions admises&nbsp;; manuels, rapports &nbsp;et actes de recherche, livres strictement historiques, romans, BD\u2026 exclus.<\/p>\n<h3><strong>Organisation des<\/strong> <strong>prix Turgot<\/strong><\/h3>\n<ul>\n<li>Les prix qui rel\u00e8vent exclusivement du <strong>Grand Jury<\/strong>sont le \u00ab&nbsp;grand prix&nbsp;\u00bb, le prix sp\u00e9cial du jury et la mention d\u2019honneur.<\/li>\n<li>Les <strong>prix sp\u00e9ciaux<\/strong> d\u00e9cern\u00e9s par la <strong>Pr\u00e9sidence (Grand Jury et Prix<\/strong>)&nbsp;sont les prix \u00ab&nbsp;ouvrage collectif&nbsp;\u00bb, \u00ab&nbsp;jeune talent&nbsp;\u00bb et \u00ab&nbsp;livre FFA de la francophonie&nbsp;\u00bb, prix des directeurs financiers DFCG.<\/li>\n<li>Les prix d\u00e9livr\u00e9s par le <strong>Coll\u00e8ge des pr\u00e9sidents<\/strong> (<strong>Grand Jury, cercle Turgot et Club de Pr\u00e9s\u00e9lection<\/strong>) sont un ou plusieurs \u00ab&nbsp;grands prix d\u2019honneur&nbsp;\u00bb, auxquels les laur\u00e9ats des \u00e9ditions pr\u00e9c\u00e9dentes peuvent pr\u00e9tendre.<\/li>\n<\/ul>\n<h4><strong><em>Exclusions<\/em>&nbsp;:<\/strong><\/h4>\n<ul>\n<li>Les laur\u00e9ats du Grand Prix d\u2019une \u00e9dition pr\u00e9c\u00e9dente et les ouvrages en langue \u00e9trang\u00e8re.<\/li>\n<li>Les nomin\u00e9s des pr\u00e9c\u00e9dentes \u00e9ditions, non laur\u00e9ats du Grand Prix, ont un droit \u00e0 une deuxi\u00e8me chance ; ils peuvent donc se repr\u00e9senter \u00e0 une nouvelle nomination.<\/li>\n<\/ul>\n<h3><strong>Adh\u00e9sion au club<\/strong><\/h3>\n<p>Les nouveaux membres sont des \u00e9l\u00e8ves ou des anciens \u00e9l\u00e8ves de l\u2019IHFI (ou, \u00e0 titre exceptionnel, des experts de la finance). Ils sont <strong>coopt\u00e9s<\/strong> par les anciens membres. Le statut de membre actif implique <em>a minima<\/em> la pr\u00e9sence \u00e0 <strong>3 r\u00e9unions<\/strong> et la r\u00e9daction de <strong>3 chroniques<\/strong> de lecture par an (au moins 2 chroniques par an en 1<sup>e<\/sup> ou 2<sup>e<\/sup> lecture)<strong>. <\/strong>&nbsp;En cas d\u2019indisponibilit\u00e9 prolong\u00e9e, le membre titulaire devient correspondant du club de lecture.<\/p>\n<h3><strong>Organisation du club<\/strong><\/h3>\n<p>Chaque membre du club a pour r\u00f4les de&nbsp;:<\/p>\n<ul>\n<li><strong>pratiquer une veille permanente<\/strong> des publications des \u00e9diteurs qui lui sont affect\u00e9s suivant la liste ci-apr\u00e8s&nbsp;;<\/li>\n<li><strong>entretenir<\/strong> des <strong>relations permanentes<\/strong> avec les attach\u00e9s de presse de ces \u00e9diteurs&nbsp;;<\/li>\n<li><strong>se procurer <\/strong>les ouvrages cibl\u00e9s<strong>, <\/strong>soit<strong> directement aupr\u00e8s de l\u2019\u00e9diteur, <\/strong>soit en librairie ou sur internet (facture rembours\u00e9e par M.GABET)<\/li>\n<li><strong>r\u00e9diger<\/strong> des <strong>chroniques originales de lecture<\/strong> (1500 \u00e0 2000 signes) sur les ouvrages remarqu\u00e9s (feuille de style ci-joint)&nbsp;;<\/li>\n<li><strong>adresser ces chroniques<\/strong> aux autres membres du club.<\/li>\n<li><strong>participer aux r\u00e9unions<\/strong> du club (5 r\u00e9unions par an) au Mus\u00e9e de la chasse, au cours desquelles sont pr\u00e9s\u00e9lectionn\u00e9s les livres nommables au Prix Turgot et sont parfois invit\u00e9s des auteurs ou des \u00e9diteurs.<\/li>\n<li><strong>Assurer la diffusion des chroniques <\/strong>aupr\u00e8s des m\u00e9dias (papier et num\u00e9riques)<\/li>\n<\/ul>\n<h4><strong>Relations du club avec les \u00e9diteurs&nbsp;<\/strong><\/h4>\n<p>Chaque membre assure une <strong>relation suivie <\/strong>avec les \u00e9diteurs qui lui sont affect\u00e9s et une <strong>veille globale<\/strong> des parutions de tous les \u00e9diteurs.<\/p>\n<h4><strong>Diffusion des chroniques de lecture&nbsp;<\/strong><\/h4>\n<p>L\u2019animateur du club <strong>diffuse<\/strong> les chroniques de lecture&nbsp;:<\/p>\n<ul>\n<li>aupr\u00e8s du grand jury du prix Turgot&nbsp;;<\/li>\n<li>aux membres du cercle Turgot&nbsp;;<\/li>\n<li>aux membres de l\u2019AEAEIHFI (via son site)&nbsp;;<\/li>\n<li>\u00e0 plusieurs journaux, revues \u00e9conomiques et universitaires, sites internet, r\u00e9seaux sociaux (tweeter, linkedin\u2026)&nbsp;:<\/li>\n<\/ul>\n<p><strong>Journaux&nbsp;: <\/strong>les Echos, Journal sp\u00e9cial des soci\u00e9t\u00e9s<\/p>\n<p><strong>Revues&nbsp;: <\/strong>Finance &amp; Gestion (DFCG), Convergence (Cie Conseils et Experts Financiers), Le magazine des professions financi\u00e8res et de l\u2019Economie<strong>, <\/strong>Revue Banque, Revue du Financier, Revue des Sciences de Gestion, Vie et sciences \u00e9conomiques (ANDESE), Economie et management, psychologie des organisations<\/p>\n<p><strong>Lettres&nbsp;: <\/strong>ADERSE<\/p>\n<p><strong>Sites internet&nbsp;: <\/strong>AEAEIHFI, Institut Louis Bachelier, labex REFI, Encyclop\u00e9die de l\u2019ing\u00e9nieur, culture top<\/p>\t\t\t\t\t\t\t\t<\/div>\n\t\t\t\t<\/div>\n\t\t\t\t\t<\/div>\n\t\t<\/div>\n\t\t\t\t\t<\/div>\n\t\t<\/section>\n\t\t\t\t<section class=\"elementor-section elementor-top-section elementor-element elementor-element-f647bd5 elementor-section-boxed elementor-section-height-default elementor-section-height-default\" data-id=\"f647bd5\" data-element_type=\"section\" data-e-type=\"section\">\n\t\t\t\t\t\t<div class=\"elementor-container elementor-column-gap-default\">\n\t\t\t\t\t<div class=\"elementor-column elementor-col-100 elementor-top-column elementor-element elementor-element-4bf3829\" data-id=\"4bf3829\" data-element_type=\"column\" data-e-type=\"column\">\n\t\t\t<div class=\"elementor-widget-wrap elementor-element-populated\">\n\t\t\t\t\t\t<div class=\"elementor-element elementor-element-b831279 elementor-widget elementor-widget-spacer\" data-id=\"b831279\" data-element_type=\"widget\" data-e-type=\"widget\" data-widget_type=\"spacer.default\">\n\t\t\t\t<div class=\"elementor-widget-container\">\n\t\t\t\t\t\t\t<div class=\"elementor-spacer\">\n\t\t\t<div class=\"elementor-spacer-inner\"><\/div>\n\t\t<\/div>\n\t\t\t\t\t\t<\/div>\n\t\t\t\t<\/div>\n\t\t\t\t\t<\/div>\n\t\t<\/div>\n\t\t\t\t\t<\/div>\n\t\t<\/section>\n\t\t\t\t<\/div>\n\t\t","protected":false},"excerpt":{"rendered":"<p>Missions du club Le club de lecture a pour missions de&nbsp;: pr\u00e9- s\u00e9lectionner les ouvrages d\u2019\u00e9conomie et de finance \u00e9ligibles<\/p>\n","protected":false},"author":1,"featured_media":0,"parent":0,"menu_order":0,"comment_status":"closed","ping_status":"closed","template":"","meta":{"colormag_page_container_layout":"default_layout","colormag_page_sidebar_layout":"default_layout","footnotes":""},"class_list":["post-179","page","type-page","status-publish","hentry"],"aioseo_notices":[],"_links":{"self":[{"href":"http:\/\/www.ihfi-turgot.com\/index.php?rest_route=\/wp\/v2\/pages\/179","targetHints":{"allow":["GET"]}}],"collection":[{"href":"http:\/\/www.ihfi-turgot.com\/index.php?rest_route=\/wp\/v2\/pages"}],"about":[{"href":"http:\/\/www.ihfi-turgot.com\/index.php?rest_route=\/wp\/v2\/types\/page"}],"author":[{"embeddable":true,"href":"http:\/\/www.ihfi-turgot.com\/index.php?rest_route=\/wp\/v2\/users\/1"}],"replies":[{"embeddable":true,"href":"http:\/\/www.ihfi-turgot.com\/index.php?rest_route=%2Fwp%2Fv2%2Fcomments&post=179"}],"version-history":[{"count":70,"href":"http:\/\/www.ihfi-turgot.com\/index.php?rest_route=\/wp\/v2\/pages\/179\/revisions"}],"predecessor-version":[{"id":1667,"href":"http:\/\/www.ihfi-turgot.com\/index.php?rest_route=\/wp\/v2\/pages\/179\/revisions\/1667"}],"wp:attachment":[{"href":"http:\/\/www.ihfi-turgot.com\/index.php?rest_route=%2Fwp%2Fv2%2Fmedia&parent=179"}],"curies":[{"name":"wp","href":"https:\/\/api.w.org\/{rel}","templated":true}]}}