{"id":1718,"date":"2025-03-24T21:01:25","date_gmt":"2025-03-24T20:01:25","guid":{"rendered":"https:\/\/www.ihfi-turgot.com\/?page_id=1718"},"modified":"2025-03-24T21:03:29","modified_gmt":"2025-03-24T20:03:29","slug":"lettre-du-directeur-de-lihfi","status":"publish","type":"page","link":"http:\/\/www.ihfi-turgot.com\/?page_id=1718","title":{"rendered":"Lettre du Directeur de l&rsquo;IHFi"},"content":{"rendered":"\t\t<div data-elementor-type=\"wp-page\" data-elementor-id=\"1718\" class=\"elementor elementor-1718\" data-elementor-post-type=\"page\">\n\t\t\t\t\t\t<section class=\"elementor-section elementor-top-section elementor-element elementor-element-a62178c elementor-section-boxed elementor-section-height-default elementor-section-height-default\" data-id=\"a62178c\" data-element_type=\"section\" data-e-type=\"section\">\n\t\t\t\t\t\t<div class=\"elementor-container elementor-column-gap-default\">\n\t\t\t\t\t<div class=\"elementor-column elementor-col-100 elementor-top-column elementor-element elementor-element-8c5db11\" data-id=\"8c5db11\" data-element_type=\"column\" data-e-type=\"column\">\n\t\t\t<div class=\"elementor-widget-wrap elementor-element-populated\">\n\t\t\t\t\t\t<div class=\"elementor-element elementor-element-e7b50e0 elementor-widget elementor-widget-heading\" data-id=\"e7b50e0\" data-element_type=\"widget\" data-e-type=\"widget\" data-widget_type=\"heading.default\">\n\t\t\t\t<div class=\"elementor-widget-container\">\n\t\t\t\t\t<h4 class=\"elementor-heading-title elementor-size-default\">Philippe DESSERTINE<\/h4>\t\t\t\t<\/div>\n\t\t\t\t<\/div>\n\t\t\t\t\t<\/div>\n\t\t<\/div>\n\t\t\t\t\t<\/div>\n\t\t<\/section>\n\t\t\t\t<section class=\"elementor-section elementor-top-section elementor-element elementor-element-268831b elementor-section-boxed elementor-section-height-default elementor-section-height-default\" data-id=\"268831b\" data-element_type=\"section\" data-e-type=\"section\">\n\t\t\t\t\t\t<div class=\"elementor-container elementor-column-gap-default\">\n\t\t\t\t\t<div class=\"elementor-column elementor-col-100 elementor-top-column elementor-element elementor-element-6f445c1\" data-id=\"6f445c1\" data-element_type=\"column\" data-e-type=\"column\">\n\t\t\t<div class=\"elementor-widget-wrap elementor-element-populated\">\n\t\t\t\t\t\t<div class=\"elementor-element elementor-element-a727fb5 elementor-widget elementor-widget-text-editor\" data-id=\"a727fb5\" data-element_type=\"widget\" data-e-type=\"widget\" data-widget_type=\"text-editor.default\">\n\t\t\t\t<div class=\"elementor-widget-container\">\n\t\t\t\t\t\t\t\t\t<h6>En 2025, l\u2019Institut de Haute Finance est plus que jamais le lieu o\u00f9 la finance de demain s\u2019\u00e9crit et s\u2019enseigne. Face aux d\u00e9fis des progr\u00e8s de la science, mais aussi des d\u00e9r\u00e8glements du monde, le levier financier est un instrument capital permettant aux acteurs \u00e9conomiques de demeurer ma\u00eetres de leur destin. Dans un contexte parfois inqui\u00e9tant, toujours d\u00e9stabilisant, l\u2019Institut de Haute Finance maintient ses forces et ses sp\u00e9cificit\u00e9s : comprendre les faits, se projeter dans des op\u00e9rations concr\u00e8tes. L\u2019Institut de Haute Finance permet \u00e0 celles et ceux qui le rejoignent de d\u00e9crypter les grands changements et de ma\u00eetriser la langue financi\u00e8re telle qu\u2019elle se parle partout dans le monde.<\/h6>\n<h6>L\u2019Institut propose des s\u00e9minaires de deux jours organis\u00e9s r\u00e9guli\u00e8rement dans ses locaux, dispens\u00e9s \u00e0 la demande dans les grands centres d\u2019affaires (Paris, Bruxelles, Londres, Gen\u00e8ve, Monaco) ou dans les murs d\u2019entreprises d\u00e9sireuses de former leurs cadres. Ces s\u00e9minaires donnent acc\u00e8s \u00e0 des certificats professionnels de l\u2019Ihfi, le cas \u00e9ch\u00e9ant de l\u2019Iae de Paris et de l\u2019Universit\u00e9 Paris Panth\u00e9on Sorbonne.<\/h6>\n<h6>Parmi les sujets-clefs trait\u00e9s dans ces s\u00e9minaires certifiants : G\u00e9opolitique et finance ; Crypto actifs et tokenisation ; CSRD, analyse et pratique ; nouveaux financements des entreprises en croissance ; Finance verte et responsable, nouvelles cr\u00e9ations de valeur ; Finance de march\u00e9 internationale\u2026<\/h6>\n<h6>&nbsp;<\/h6>\n<h6>L\u2019ensemble de ces qualifications peuvent \u00eatre obtenues s\u00e9par\u00e9ment ; elles sont \u00e9galement propos\u00e9es aux participants du programme traditionnel de l\u2019Institut : le double dipl\u00f4me Master-MBA (Master of Business Administration) en Finance dispens\u00e9 par l\u2019Institut, en partenariat avec l\u2019Institut d\u2019Administration des Entreprises de l\u2019Universit\u00e9 Paris I Panth\u00e9on Sorbonne.<\/h6>\n<h6>Cette formation est propos\u00e9e en formule pr\u00e9sentielle \u00e0 Paris, ou en sessions totalement \u00e0 distance (derni\u00e8re ouverture le 18 d\u00e9cembre dernier).<\/h6>\n<h6>Les participants \u00e0 toutes les formations de l\u2019IHFI sont comme toujours des cadres dirigeants financiers, des banquiers, des sp\u00e9cialistes en Finance, mais aussi des Pr\u00e9sidents ou des Dirigeants ex\u00e9cutifs. Tous ceux qui, confront\u00e9s aux d\u00e9fis de la Haute Finance, doivent en mesurer les menaces, en saisir les opportunit\u00e9s.<\/h6>\n<h6>Ils forment ensuite un r\u00e9seau d\u2019anciens, dynamique dont le Prix Turgot, est la plus belle des vitrines. Quant \u00e0 son \u00e9manation, le Cercle Turgot, il est un des Think Tank fran\u00e7ais des plus dynamiques aussi bien dans ses \u00e9v\u00e9nements que dans ses publications annuelles. L\u2019IHFI est fier d\u2019y \u00eatre associ\u00e9.<\/h6>\n<h6>L\u2019IHFI se renouvelle donc dans la continuit\u00e9 ; l\u2019IHFI se veut une r\u00e9f\u00e9rence en termes de p\u00e9dagogie et de r\u00e9flexion sur toutes les questions financi\u00e8res. Quels que soient votre fonction ou votre profil de carri\u00e8re, sachez bien que l\u2019IHFI entend jouer son r\u00f4le dans le domaine des formations de haut niveau, dans celui de la recherche et du d\u00e9bat public.<\/h6>\n<h6>En tant que Directeur de cette institution vieille de plus d\u2019un demi-si\u00e8cle, je tiens \u00e0 f\u00e9liciter l\u2019Association, son pr\u00e9sident et son Conseil d\u2019Administration pour leur engagement, leurs actions pour le rayonnement de notre Institut et du Prix Turgot.<\/h6>\n<h6>&nbsp;<\/h6>\n<h6>Avec notre amicale consid\u00e9ration<\/h6>\n<h6>Philippe DESSERTINE<\/h6>\n<h6>Professeur des Universit\u00e9s<\/h6>\t\t\t\t\t\t\t\t<\/div>\n\t\t\t\t<\/div>\n\t\t\t\t\t<\/div>\n\t\t<\/div>\n\t\t\t\t\t<\/div>\n\t\t<\/section>\n\t\t\t\t<\/div>\n\t\t","protected":false},"excerpt":{"rendered":"<p>Philippe DESSERTINE En 2025, l\u2019Institut de Haute Finance est plus que jamais le lieu o\u00f9 la finance de demain s\u2019\u00e9crit<\/p>\n","protected":false},"author":1,"featured_media":0,"parent":0,"menu_order":0,"comment_status":"closed","ping_status":"closed","template":"","meta":{"colormag_page_container_layout":"default_layout","colormag_page_sidebar_layout":"default_layout","footnotes":""},"class_list":["post-1718","page","type-page","status-publish","hentry"],"aioseo_notices":[],"_links":{"self":[{"href":"http:\/\/www.ihfi-turgot.com\/index.php?rest_route=\/wp\/v2\/pages\/1718","targetHints":{"allow":["GET"]}}],"collection":[{"href":"http:\/\/www.ihfi-turgot.com\/index.php?rest_route=\/wp\/v2\/pages"}],"about":[{"href":"http:\/\/www.ihfi-turgot.com\/index.php?rest_route=\/wp\/v2\/types\/page"}],"author":[{"embeddable":true,"href":"http:\/\/www.ihfi-turgot.com\/index.php?rest_route=\/wp\/v2\/users\/1"}],"replies":[{"embeddable":true,"href":"http:\/\/www.ihfi-turgot.com\/index.php?rest_route=%2Fwp%2Fv2%2Fcomments&post=1718"}],"version-history":[{"count":4,"href":"http:\/\/www.ihfi-turgot.com\/index.php?rest_route=\/wp\/v2\/pages\/1718\/revisions"}],"predecessor-version":[{"id":1722,"href":"http:\/\/www.ihfi-turgot.com\/index.php?rest_route=\/wp\/v2\/pages\/1718\/revisions\/1722"}],"wp:attachment":[{"href":"http:\/\/www.ihfi-turgot.com\/index.php?rest_route=%2Fwp%2Fv2%2Fmedia&parent=1718"}],"curies":[{"name":"wp","href":"https:\/\/api.w.org\/{rel}","templated":true}]}}