{"id":169,"date":"2020-08-02T13:29:31","date_gmt":"2020-08-02T11:29:31","guid":{"rendered":"http:\/\/localhost\/IHFI\/?page_id=169"},"modified":"2024-03-17T21:39:42","modified_gmt":"2024-03-17T20:39:42","slug":"prix-turgot-information","status":"publish","type":"page","link":"http:\/\/www.ihfi-turgot.com\/?page_id=169","title":{"rendered":"Prix Turgot &#8211; information"},"content":{"rendered":"\t\t<div data-elementor-type=\"wp-page\" data-elementor-id=\"169\" class=\"elementor elementor-169\" data-elementor-post-type=\"page\">\n\t\t\t\t\t\t<section class=\"elementor-section elementor-top-section elementor-element elementor-element-59b35b3 elementor-section-boxed elementor-section-height-default elementor-section-height-default\" data-id=\"59b35b3\" data-element_type=\"section\" data-e-type=\"section\">\n\t\t\t\t\t\t<div class=\"elementor-container elementor-column-gap-default\">\n\t\t\t\t\t<div class=\"elementor-column elementor-col-100 elementor-top-column elementor-element elementor-element-eba6f12\" data-id=\"eba6f12\" data-element_type=\"column\" data-e-type=\"column\">\n\t\t\t<div class=\"elementor-widget-wrap elementor-element-populated\">\n\t\t\t\t\t\t<div class=\"elementor-element elementor-element-9e88be5 elementor-widget elementor-widget-image\" data-id=\"9e88be5\" data-element_type=\"widget\" data-e-type=\"widget\" data-widget_type=\"image.default\">\n\t\t\t\t<div class=\"elementor-widget-container\">\n\t\t\t\t\t\t\t\t\t\t\t\t\t\t\t<img decoding=\"async\" width=\"150\" height=\"150\" src=\"http:\/\/www.ihfi-turgot.com\/wp-content\/uploads\/2020\/08\/turgot-150x150.jpg\" class=\"attachment-thumbnail size-thumbnail wp-image-287\" alt=\"\" srcset=\"http:\/\/www.ihfi-turgot.com\/wp-content\/uploads\/2020\/08\/turgot-150x150.jpg 150w, http:\/\/www.ihfi-turgot.com\/wp-content\/uploads\/2020\/08\/turgot-300x300.jpg 300w, http:\/\/www.ihfi-turgot.com\/wp-content\/uploads\/2020\/08\/turgot.jpg 472w\" sizes=\"(max-width: 150px) 100vw, 150px\" \/>\t\t\t\t\t\t\t\t\t\t\t\t\t\t\t<\/div>\n\t\t\t\t<\/div>\n\t\t\t\t\t<\/div>\n\t\t<\/div>\n\t\t\t\t\t<\/div>\n\t\t<\/section>\n\t\t\t\t<section class=\"elementor-section elementor-top-section elementor-element elementor-element-d717a9b elementor-section-boxed elementor-section-height-default elementor-section-height-default\" data-id=\"d717a9b\" data-element_type=\"section\" data-e-type=\"section\">\n\t\t\t\t\t\t<div class=\"elementor-container elementor-column-gap-default\">\n\t\t\t\t\t<div class=\"elementor-column elementor-col-100 elementor-top-column elementor-element elementor-element-df803d1\" data-id=\"df803d1\" data-element_type=\"column\" data-e-type=\"column\">\n\t\t\t<div class=\"elementor-widget-wrap elementor-element-populated\">\n\t\t\t\t\t\t<div class=\"elementor-element elementor-element-2adac55 elementor-button-info elementor-align-center elementor-widget elementor-widget-button\" data-id=\"2adac55\" data-element_type=\"widget\" data-e-type=\"widget\" data-widget_type=\"button.default\">\n\t\t\t\t<div class=\"elementor-widget-container\">\n\t\t\t\t\t\t\t\t\t<div class=\"elementor-button-wrapper\">\n\t\t\t\t\t<a class=\"elementor-button elementor-button-link elementor-size-sm\" href=\"http:\/\/www.ihfi-turgot.com\/wp-content\/uploads\/2023\/03\/Le-trophee-Turgot-INTER-APRES-BAT.pdf\" target=\"_blank\">\n\t\t\t\t\t\t<span class=\"elementor-button-content-wrapper\">\n\t\t\t\t\t\t\t\t\t<span class=\"elementor-button-text\">Gen\u00e8se du troph\u00e9e<\/span>\n\t\t\t\t\t<\/span>\n\t\t\t\t\t<\/a>\n\t\t\t\t<\/div>\n\t\t\t\t\t\t\t\t<\/div>\n\t\t\t\t<\/div>\n\t\t\t\t\t<\/div>\n\t\t<\/div>\n\t\t\t\t\t<\/div>\n\t\t<\/section>\n\t\t\t\t<section class=\"elementor-section elementor-top-section elementor-element elementor-element-c029d20 elementor-section-boxed elementor-section-height-default elementor-section-height-default\" data-id=\"c029d20\" data-element_type=\"section\" data-e-type=\"section\">\n\t\t\t\t\t\t<div class=\"elementor-container elementor-column-gap-default\">\n\t\t\t\t\t<div class=\"elementor-column elementor-col-100 elementor-top-column elementor-element elementor-element-ae63095\" data-id=\"ae63095\" data-element_type=\"column\" data-e-type=\"column\">\n\t\t\t<div class=\"elementor-widget-wrap elementor-element-populated\">\n\t\t\t\t\t\t<div class=\"elementor-element elementor-element-c8464d4 elementor-widget elementor-widget-text-editor\" data-id=\"c8464d4\" data-element_type=\"widget\" data-e-type=\"widget\" data-widget_type=\"text-editor.default\">\n\t\t\t\t<div class=\"elementor-widget-container\">\n\t\t\t\t\t\t\t\t\t<p>Cr\u00e9e par l\u2019Association des Anciens El\u00e8ves de l\u2019Institut de Haute Finance, le Prix<br \/>TURGOT du meilleur livre d\u2019Economie Financi\u00e8re est pr\u00e9sid\u00e9 Kathleen WANTZ-<br \/>O\u2019ROURKE&#8230; D\u00e9cern\u00e9 \u00e0 BERCY sous le haut patronage du Ministre de l\u2019Economie<br \/>et des Finances, la c\u00e9r\u00e9monie du palmar\u00e8s est devenue, au fil des ann\u00e9es, le grand<br \/>rendez-vous des professionnels de la finance : environ 500 personnalit\u00e9s de<br \/>l\u2019\u00e9conomie, des universit\u00e9s, des entreprises, des banques et de la finance y<br \/>participent.<br \/>L\u2019IHFI,\u00a0(Institut de Haute Finance) a \u00e9t\u00e9 fond\u00e9 en 1972 par le pr\u00e9sident Georges<br \/>POMPIDOU, grand banquier qui avait compris la n\u00e9cessit\u00e9 de cr\u00e9er une expertise<br \/>nationale en la mati\u00e8re (le directeur de l\u2019IHFI \u00e9tait nomm\u00e9 par le Pr\u00e9sident de la<br \/>R\u00e9publique). Depuis, 59 promotions ont vu le jour, l\u2019actualit\u00e9 en souligne l\u2019int\u00e9r\u00eat\u2026<br \/>Une \u00e9quipe de\u00a0partenaires officiels\u00a0apporte son soutien au PRIX et \u00e0 ses missions.<br \/>Par ailleurs les maisons d\u2019\u00e9ditions les m\u00e9dias sp\u00e9cialis\u00e9s nationaux, et un grand<br \/>nombre de partenaires s\u2019associent \u00e0 ce partenariat.<br \/><br \/><\/p>\t\t\t\t\t\t\t\t<\/div>\n\t\t\t\t<\/div>\n\t\t\t\t\t<\/div>\n\t\t<\/div>\n\t\t\t\t\t<\/div>\n\t\t<\/section>\n\t\t\t\t<section class=\"elementor-section elementor-top-section elementor-element elementor-element-f1f81a4 elementor-section-boxed elementor-section-height-default elementor-section-height-default\" data-id=\"f1f81a4\" data-element_type=\"section\" data-e-type=\"section\">\n\t\t\t\t\t\t<div class=\"elementor-container elementor-column-gap-default\">\n\t\t\t\t\t<div class=\"elementor-column elementor-col-100 elementor-top-column elementor-element elementor-element-7ba0ae0\" data-id=\"7ba0ae0\" data-element_type=\"column\" data-e-type=\"column\">\n\t\t\t<div class=\"elementor-widget-wrap elementor-element-populated\">\n\t\t\t\t\t\t<div class=\"elementor-element elementor-element-4b38ed3 elementor-widget elementor-widget-text-editor\" data-id=\"4b38ed3\" data-element_type=\"widget\" data-e-type=\"widget\" data-widget_type=\"text-editor.default\">\n\t\t\t\t<div class=\"elementor-widget-container\">\n\t\t\t\t\t\t\t\t\t<p><strong>Le prix TURGOT&nbsp;s\u2019est assign\u00e9 une double mission&nbsp;:<\/strong><br>1 \u2013 Encourager les auteurs, les&nbsp;reconna\u00eetre&nbsp;et susciter des vocations dans le<br>domaine de l\u2019\u00e9conomie financi\u00e8re o\u00f9 les travaux d\u2019\u00e9criture sont lourds et peu<br>r\u00e9compens\u00e9s,<br>2 \u2013 Contribuer \u00e0 la \u00ab&nbsp;p\u00e9dagogie \u00e9conomique&nbsp;\u00bb et favoriser l\u2019accession d\u2019un public<br>plus large \u00e0 l\u2019\u00e9conomie financi\u00e8re.<\/p>\n<p>Au palmar\u00e8s de chaque \u00e9dition, figure, outre le&nbsp;prix TURGOT&nbsp;de l\u2019ann\u00e9e, un&nbsp;prix<br>SPECIAL du jury. En r\u00e8gle g\u00e9n\u00e9rale les deux prix sont g\u00e9n\u00e9ralement<br>compl\u00e9mentaires d\u2019un point de vue du public vis\u00e9, l\u2019un s\u2019adressant plut\u00f4t aux<br>sp\u00e9cialistes de la finance, l\u2019autre \u00e0 un public plus large et moins averti.<br>Les plus grands auteurs de l\u2019\u00e9conomie financi\u00e8re ont \u00e9t\u00e9 r\u00e9compens\u00e9s par ce prix<\/p>\n<p><strong>D<\/strong><b>eux niveaux de s\u00e9lection :<\/b><br>\u2013&nbsp;Un JURY DE PRESELECTION&nbsp;<em style=\"color: rgb(36, 36, 36); font-family: arial, helvetica, sans-serif; font-size: 17.3333px; font-variant-ligatures: normal; font-variant-caps: normal; font-weight: 400;\">le club Turgot&nbsp;<\/em>d\u2019une vingtaine de lecteurs, anciens<br>\u00e9tudiants de l\u2019IHFI, lit et commente les livres publi\u00e9s en cours d\u2019ann\u00e9e entre 200 et<br>300 par an. Ce jury s\u00e9lectionne selon des normes tr\u00e8s pr\u00e9cises cinq \u00e0 six ouvrages \u00ab<br>les nomin\u00e9s \u00bb qui sont pr\u00e9sent\u00e9s au grand jury.<br>\u2013&nbsp;Le GRAND JURY&nbsp;(20 membres \u00e9minents, acteurs de l\u2019\u00e9conomie financi\u00e8re)<br>d\u00e9lib\u00e8re sous l\u2019autorit\u00e9 de son pr\u00e9sident, Jean-Claude TRICHET<\/p>\t\t\t\t\t\t\t\t<\/div>\n\t\t\t\t<\/div>\n\t\t\t\t\t<\/div>\n\t\t<\/div>\n\t\t\t\t\t<\/div>\n\t\t<\/section>\n\t\t\t\t<\/div>\n\t\t","protected":false},"excerpt":{"rendered":"<p>Gen\u00e8se du troph\u00e9e Cr\u00e9e par l\u2019Association des Anciens El\u00e8ves de l\u2019Institut de Haute Finance, le PrixTURGOT du meilleur livre d\u2019Economie<\/p>\n","protected":false},"author":1,"featured_media":0,"parent":0,"menu_order":0,"comment_status":"closed","ping_status":"closed","template":"","meta":{"colormag_page_container_layout":"default_layout","colormag_page_sidebar_layout":"default_layout","footnotes":""},"class_list":["post-169","page","type-page","status-publish","hentry"],"aioseo_notices":[],"_links":{"self":[{"href":"http:\/\/www.ihfi-turgot.com\/index.php?rest_route=\/wp\/v2\/pages\/169","targetHints":{"allow":["GET"]}}],"collection":[{"href":"http:\/\/www.ihfi-turgot.com\/index.php?rest_route=\/wp\/v2\/pages"}],"about":[{"href":"http:\/\/www.ihfi-turgot.com\/index.php?rest_route=\/wp\/v2\/types\/page"}],"author":[{"embeddable":true,"href":"http:\/\/www.ihfi-turgot.com\/index.php?rest_route=\/wp\/v2\/users\/1"}],"replies":[{"embeddable":true,"href":"http:\/\/www.ihfi-turgot.com\/index.php?rest_route=%2Fwp%2Fv2%2Fcomments&post=169"}],"version-history":[{"count":26,"href":"http:\/\/www.ihfi-turgot.com\/index.php?rest_route=\/wp\/v2\/pages\/169\/revisions"}],"predecessor-version":[{"id":1406,"href":"http:\/\/www.ihfi-turgot.com\/index.php?rest_route=\/wp\/v2\/pages\/169\/revisions\/1406"}],"wp:attachment":[{"href":"http:\/\/www.ihfi-turgot.com\/index.php?rest_route=%2Fwp%2Fv2%2Fmedia&parent=169"}],"curies":[{"name":"wp","href":"https:\/\/api.w.org\/{rel}","templated":true}]}}