{"id":1605,"date":"2025-01-18T21:15:23","date_gmt":"2025-01-18T20:15:23","guid":{"rendered":"http:\/\/www.ihfi-turgot.com\/?page_id=1605"},"modified":"2025-01-18T21:21:39","modified_gmt":"2025-01-18T20:21:39","slug":"elementor-1605","status":"publish","type":"page","link":"http:\/\/www.ihfi-turgot.com\/?page_id=1605","title":{"rendered":""},"content":{"rendered":"\t\t<div data-elementor-type=\"wp-page\" data-elementor-id=\"1605\" class=\"elementor elementor-1605\" data-elementor-post-type=\"page\">\n\t\t\t\t\t\t<section class=\"elementor-section elementor-top-section elementor-element elementor-element-ff49a12 elementor-section-boxed elementor-section-height-default elementor-section-height-default\" data-id=\"ff49a12\" data-element_type=\"section\" data-e-type=\"section\">\n\t\t\t\t\t\t<div class=\"elementor-container elementor-column-gap-default\">\n\t\t\t\t\t<div class=\"elementor-column elementor-col-100 elementor-top-column elementor-element elementor-element-6648d81\" data-id=\"6648d81\" data-element_type=\"column\" data-e-type=\"column\">\n\t\t\t<div class=\"elementor-widget-wrap elementor-element-populated\">\n\t\t\t\t\t\t<div class=\"elementor-element elementor-element-183c59b elementor-widget elementor-widget-heading\" data-id=\"183c59b\" data-element_type=\"widget\" data-e-type=\"widget\" data-widget_type=\"heading.default\">\n\t\t\t\t<div class=\"elementor-widget-container\">\n\t\t\t\t\t<h2 class=\"elementor-heading-title elementor-size-default\">Chroniques publi\u00e9es en 2024 <\/h2>\t\t\t\t<\/div>\n\t\t\t\t<\/div>\n\t\t\t\t\t<\/div>\n\t\t<\/div>\n\t\t\t\t\t<\/div>\n\t\t<\/section>\n\t\t\t\t<section class=\"elementor-section elementor-top-section elementor-element elementor-element-0b72764 elementor-section-boxed elementor-section-height-default elementor-section-height-default\" data-id=\"0b72764\" data-element_type=\"section\" data-e-type=\"section\">\n\t\t\t\t\t\t<div class=\"elementor-container elementor-column-gap-default\">\n\t\t\t\t\t<div class=\"elementor-column elementor-col-100 elementor-top-column elementor-element elementor-element-47a7834\" data-id=\"47a7834\" data-element_type=\"column\" data-e-type=\"column\">\n\t\t\t<div class=\"elementor-widget-wrap elementor-element-populated\">\n\t\t\t\t\t\t<div class=\"elementor-element elementor-element-388b2f9 elementor-widget-divider--view-line elementor-widget elementor-widget-divider\" data-id=\"388b2f9\" data-element_type=\"widget\" data-e-type=\"widget\" data-widget_type=\"divider.default\">\n\t\t\t\t<div class=\"elementor-widget-container\">\n\t\t\t\t\t\t\t<div class=\"elementor-divider\">\n\t\t\t<span class=\"elementor-divider-separator\">\n\t\t\t\t\t\t<\/span>\n\t\t<\/div>\n\t\t\t\t\t\t<\/div>\n\t\t\t\t<\/div>\n\t\t\t\t\t<\/div>\n\t\t<\/div>\n\t\t\t\t\t<\/div>\n\t\t<\/section>\n\t\t\t\t<section class=\"elementor-section elementor-top-section elementor-element elementor-element-bd03b63 elementor-section-boxed elementor-section-height-default elementor-section-height-default\" data-id=\"bd03b63\" data-element_type=\"section\" data-e-type=\"section\">\n\t\t\t\t\t\t<div class=\"elementor-container elementor-column-gap-default\">\n\t\t\t\t\t<div class=\"elementor-column elementor-col-100 elementor-top-column elementor-element elementor-element-e8cb189\" data-id=\"e8cb189\" data-element_type=\"column\" data-e-type=\"column\">\n\t\t\t<div class=\"elementor-widget-wrap elementor-element-populated\">\n\t\t\t\t\t\t<div class=\"elementor-element elementor-element-d62e742 elementor-widget elementor-widget-text-editor\" data-id=\"d62e742\" data-element_type=\"widget\" data-e-type=\"widget\" data-widget_type=\"text-editor.default\">\n\t\t\t\t<div class=\"elementor-widget-container\">\n\t\t\t\t\t\t\t\t\t<ul><li>La strat\u00e9gie de l\u2019Autorit\u00e9 des March\u00e9s Financiers<\/li><li>L\u2019avenir des banques centrales au travers des prix Turgot<\/li><li>Les nouvelles pratiques des entreprises et des administrations entra\u00een\u00e9es par le d\u00e9veloppement de l\u2019IA<\/li><li>60 ans d\u2019agents conversationnels d\u2019eliza \u00e0 ChatGPT<\/li><li>Les futures technologies num\u00e9riques<\/li><li>La port\u00e9e et les limites de la notation extra-financi\u00e8re<\/li><li>De l\u2019influence en management des entreprises<\/li><li>Mendes-France : soixante dix ans d\u00e9j\u00e0<\/li><li>A l\u2019origine du management durable: le rapport Meadows<\/li><li>L\u2019IA g\u00e9n\u00e9rative et la soci\u00e9t\u00e9 de simulation<\/li><li>Que signifie l\u2019inversion d\u2019une courbe des taux ?<\/li><li>Central bank digital currency and monetary policy implementation<\/li><li>Que signifie l\u2019inversion de la courbe des taux ?<\/li><li>S\u00e9rie le management de l\u2019entreprise durable I<\/li><li>S\u00e9rie le management de l\u2019entreprise durable II<\/li><li>S\u00e9rie le management de l\u2019entreprise durable III<\/li><li>Digitaliser les PME et les ETI. quels enjeux ?<\/li><li>La valorisation du b\u00e9n\u00e9volat<\/li><li>IA g\u00e9n\u00e9rative : les derniers rapports<\/li><li>La France en qu\u00eate de leadership dans l\u2019IA<\/li><li>La r\u00e9gulation de l\u2019IA en d\u00e9bat<\/li><li>Les codes \u00e9thiques de l\u2019IA<\/li><li>Les impacts de l\u2019IA g\u00e9n\u00e9rative sur les m\u00e9tiers de la finance I<\/li><li>Les impacts de l\u2019IA g\u00e9n\u00e9rative sur les m\u00e9tiers de la finance II<\/li><li>Energie : Le futur de l\u2019\u00e9nergie sera \u00e9lectrique<\/li><li>Une comparaison \u00e9clairante des syst\u00e8mes nationaux de retraite<\/li><li>Stripe, Bridge et Stablecoins : Une Nouvelle R\u00e9volution pour l\u2019\u00c9cosyst\u00e8me des Paiements<\/li><li>L\u2019adoption de l\u2019IA est en tr\u00e8s forte acc\u00e9l\u00e9ration dans les entreprises<\/li><li>L\u2019avenir de la notation financi\u00e8re et extra-financi\u00e8re<\/li><li>Le rapport Draghi, pour le futur de la comp\u00e9titivit\u00e9 de l\u2019Europe<\/li><\/ul>\t\t\t\t\t\t\t\t<\/div>\n\t\t\t\t<\/div>\n\t\t\t\t\t<\/div>\n\t\t<\/div>\n\t\t\t\t\t<\/div>\n\t\t<\/section>\n\t\t\t\t<section class=\"elementor-section elementor-top-section elementor-element elementor-element-a7f9104 elementor-section-boxed elementor-section-height-default elementor-section-height-default\" data-id=\"a7f9104\" data-element_type=\"section\" data-e-type=\"section\">\n\t\t\t\t\t\t<div class=\"elementor-container elementor-column-gap-default\">\n\t\t\t\t\t<div class=\"elementor-column elementor-col-100 elementor-top-column elementor-element elementor-element-9102bcc\" data-id=\"9102bcc\" data-element_type=\"column\" data-e-type=\"column\">\n\t\t\t<div class=\"elementor-widget-wrap elementor-element-populated\">\n\t\t\t\t\t\t<div class=\"elementor-element elementor-element-ed23976 elementor-button-info elementor-align-center elementor-widget elementor-widget-button\" data-id=\"ed23976\" data-element_type=\"widget\" data-e-type=\"widget\" data-widget_type=\"button.default\">\n\t\t\t\t<div class=\"elementor-widget-container\">\n\t\t\t\t\t\t\t\t\t<div class=\"elementor-button-wrapper\">\n\t\t\t\t\t<a class=\"elementor-button elementor-button-link elementor-size-sm\" href=\"https:\/\/clubturgot.com\/chroniques\/\" target=\"_blank\">\n\t\t\t\t\t\t<span class=\"elementor-button-content-wrapper\">\n\t\t\t\t\t\t\t\t\t<span class=\"elementor-button-text\">Blog...<\/span>\n\t\t\t\t\t<\/span>\n\t\t\t\t\t<\/a>\n\t\t\t\t<\/div>\n\t\t\t\t\t\t\t\t<\/div>\n\t\t\t\t<\/div>\n\t\t\t\t\t<\/div>\n\t\t<\/div>\n\t\t\t\t\t<\/div>\n\t\t<\/section>\n\t\t\t\t<\/div>\n\t\t","protected":false},"excerpt":{"rendered":"<p>Chroniques publi\u00e9es en 2024 La strat\u00e9gie de l\u2019Autorit\u00e9 des March\u00e9s Financiers L\u2019avenir des banques centrales au travers des prix Turgot<\/p>\n","protected":false},"author":1,"featured_media":0,"parent":0,"menu_order":0,"comment_status":"closed","ping_status":"closed","template":"","meta":{"colormag_page_container_layout":"default_layout","colormag_page_sidebar_layout":"default_layout","footnotes":""},"class_list":["post-1605","page","type-page","status-publish","hentry"],"aioseo_notices":[],"_links":{"self":[{"href":"http:\/\/www.ihfi-turgot.com\/index.php?rest_route=\/wp\/v2\/pages\/1605","targetHints":{"allow":["GET"]}}],"collection":[{"href":"http:\/\/www.ihfi-turgot.com\/index.php?rest_route=\/wp\/v2\/pages"}],"about":[{"href":"http:\/\/www.ihfi-turgot.com\/index.php?rest_route=\/wp\/v2\/types\/page"}],"author":[{"embeddable":true,"href":"http:\/\/www.ihfi-turgot.com\/index.php?rest_route=\/wp\/v2\/users\/1"}],"replies":[{"embeddable":true,"href":"http:\/\/www.ihfi-turgot.com\/index.php?rest_route=%2Fwp%2Fv2%2Fcomments&post=1605"}],"version-history":[{"count":5,"href":"http:\/\/www.ihfi-turgot.com\/index.php?rest_route=\/wp\/v2\/pages\/1605\/revisions"}],"predecessor-version":[{"id":1610,"href":"http:\/\/www.ihfi-turgot.com\/index.php?rest_route=\/wp\/v2\/pages\/1605\/revisions\/1610"}],"wp:attachment":[{"href":"http:\/\/www.ihfi-turgot.com\/index.php?rest_route=%2Fwp%2Fv2%2Fmedia&parent=1605"}],"curies":[{"name":"wp","href":"https:\/\/api.w.org\/{rel}","templated":true}]}}