{"id":1525,"date":"2024-04-18T13:37:28","date_gmt":"2024-04-18T11:37:28","guid":{"rendered":"http:\/\/www.ihfi-turgot.com\/?page_id=1525"},"modified":"2024-04-18T13:38:28","modified_gmt":"2024-04-18T11:38:28","slug":"les-precedentes-editions","status":"publish","type":"page","link":"http:\/\/www.ihfi-turgot.com\/?page_id=1525","title":{"rendered":"Les pr\u00e9c\u00e9dentes \u00e9ditions"},"content":{"rendered":"\t\t<div data-elementor-type=\"wp-page\" data-elementor-id=\"1525\" class=\"elementor elementor-1525\" data-elementor-post-type=\"page\">\n\t\t\t\t\t\t<section class=\"elementor-section elementor-top-section elementor-element elementor-element-e794d7a elementor-section-boxed elementor-section-height-default elementor-section-height-default\" data-id=\"e794d7a\" data-element_type=\"section\" data-e-type=\"section\">\n\t\t\t\t\t\t<div class=\"elementor-container elementor-column-gap-default\">\n\t\t\t\t\t<div class=\"elementor-column elementor-col-100 elementor-top-column elementor-element elementor-element-940b14e\" data-id=\"940b14e\" data-element_type=\"column\" data-e-type=\"column\">\n\t\t\t<div class=\"elementor-widget-wrap elementor-element-populated\">\n\t\t\t\t\t\t<div class=\"elementor-element elementor-element-192be9e elementor-widget-divider--view-line elementor-widget elementor-widget-divider\" data-id=\"192be9e\" data-element_type=\"widget\" data-e-type=\"widget\" data-widget_type=\"divider.default\">\n\t\t\t\t<div class=\"elementor-widget-container\">\n\t\t\t\t\t\t\t<div class=\"elementor-divider\">\n\t\t\t<span class=\"elementor-divider-separator\">\n\t\t\t\t\t\t<\/span>\n\t\t<\/div>\n\t\t\t\t\t\t<\/div>\n\t\t\t\t<\/div>\n\t\t\t\t\t<\/div>\n\t\t<\/div>\n\t\t\t\t\t<\/div>\n\t\t<\/section>\n\t\t\t\t<section class=\"elementor-section elementor-top-section elementor-element elementor-element-8b6fdc9 elementor-section-boxed elementor-section-height-default elementor-section-height-default\" data-id=\"8b6fdc9\" data-element_type=\"section\" data-e-type=\"section\">\n\t\t\t\t\t\t<div class=\"elementor-container elementor-column-gap-default\">\n\t\t\t\t\t<div class=\"elementor-column elementor-col-100 elementor-top-column elementor-element elementor-element-27f53d0\" data-id=\"27f53d0\" data-element_type=\"column\" data-e-type=\"column\">\n\t\t\t<div class=\"elementor-widget-wrap elementor-element-populated\">\n\t\t\t\t\t\t<div class=\"elementor-element elementor-element-1e6c5b9 elementor-widget elementor-widget-image\" data-id=\"1e6c5b9\" data-element_type=\"widget\" data-e-type=\"widget\" data-widget_type=\"image.default\">\n\t\t\t\t<div class=\"elementor-widget-container\">\n\t\t\t\t\t\t\t\t\t\t\t\t\t\t\t<img fetchpriority=\"high\" decoding=\"async\" width=\"711\" height=\"1024\" src=\"http:\/\/www.ihfi-turgot.com\/wp-content\/uploads\/2024\/04\/PLAQUETTE-3-VOLETS-page-4-711x1024.jpg\" class=\"attachment-large size-large wp-image-1527\" alt=\"\" srcset=\"http:\/\/www.ihfi-turgot.com\/wp-content\/uploads\/2024\/04\/PLAQUETTE-3-VOLETS-page-4-711x1024.jpg 711w, http:\/\/www.ihfi-turgot.com\/wp-content\/uploads\/2024\/04\/PLAQUETTE-3-VOLETS-page-4-208x300.jpg 208w, http:\/\/www.ihfi-turgot.com\/wp-content\/uploads\/2024\/04\/PLAQUETTE-3-VOLETS-page-4-768x1106.jpg 768w, http:\/\/www.ihfi-turgot.com\/wp-content\/uploads\/2024\/04\/PLAQUETTE-3-VOLETS-page-4-1067x1536.jpg 1067w, http:\/\/www.ihfi-turgot.com\/wp-content\/uploads\/2024\/04\/PLAQUETTE-3-VOLETS-page-4-1422x2048.jpg 1422w, http:\/\/www.ihfi-turgot.com\/wp-content\/uploads\/2024\/04\/PLAQUETTE-3-VOLETS-page-4-scaled.jpg 1778w\" sizes=\"(max-width: 711px) 100vw, 711px\" \/>\t\t\t\t\t\t\t\t\t\t\t\t\t\t\t<\/div>\n\t\t\t\t<\/div>\n\t\t\t\t\t<\/div>\n\t\t<\/div>\n\t\t\t\t\t<\/div>\n\t\t<\/section>\n\t\t\t\t<\/div>\n\t\t","protected":false},"excerpt":{"rendered":"","protected":false},"author":1,"featured_media":0,"parent":0,"menu_order":0,"comment_status":"closed","ping_status":"closed","template":"","meta":{"colormag_page_container_layout":"default_layout","colormag_page_sidebar_layout":"default_layout","footnotes":""},"class_list":["post-1525","page","type-page","status-publish","hentry"],"aioseo_notices":[],"_links":{"self":[{"href":"http:\/\/www.ihfi-turgot.com\/index.php?rest_route=\/wp\/v2\/pages\/1525","targetHints":{"allow":["GET"]}}],"collection":[{"href":"http:\/\/www.ihfi-turgot.com\/index.php?rest_route=\/wp\/v2\/pages"}],"about":[{"href":"http:\/\/www.ihfi-turgot.com\/index.php?rest_route=\/wp\/v2\/types\/page"}],"author":[{"embeddable":true,"href":"http:\/\/www.ihfi-turgot.com\/index.php?rest_route=\/wp\/v2\/users\/1"}],"replies":[{"embeddable":true,"href":"http:\/\/www.ihfi-turgot.com\/index.php?rest_route=%2Fwp%2Fv2%2Fcomments&post=1525"}],"version-history":[{"count":4,"href":"http:\/\/www.ihfi-turgot.com\/index.php?rest_route=\/wp\/v2\/pages\/1525\/revisions"}],"predecessor-version":[{"id":1530,"href":"http:\/\/www.ihfi-turgot.com\/index.php?rest_route=\/wp\/v2\/pages\/1525\/revisions\/1530"}],"wp:attachment":[{"href":"http:\/\/www.ihfi-turgot.com\/index.php?rest_route=%2Fwp%2Fv2%2Fmedia&parent=1525"}],"curies":[{"name":"wp","href":"https:\/\/api.w.org\/{rel}","templated":true}]}}